{"id":25,"date":"2023-05-13T15:50:38","date_gmt":"2023-05-13T13:50:38","guid":{"rendered":"http:\/\/mertener-schlossgespenster.de\/?page_id=25"},"modified":"2026-03-09T09:36:03","modified_gmt":"2026-03-09T08:36:03","slug":"entstehung","status":"publish","type":"page","link":"https:\/\/mertener-schlossgespenster.de\/?page_id=25","title":{"rendered":"Tr\u00e4ger und Entstehung"},"content":{"rendered":"\n<h2 class=\"wp-block-heading\">Tr\u00e4ger<\/h2>\n\n\n\n<p>Unser Kindergarten besteht seit 1993 in Tr\u00e4gerschaft der Elterninitiative \u201eKindergarten Mertener Schlossgespenster e.V.\u201c.<\/p>\n\n\n\n<h2 class=\"wp-block-heading\">Entstehung<\/h2>\n\n\n\n<div class=\"wp-block-columns is-layout-flex wp-container-core-columns-is-layout-9d6595d7 wp-block-columns-is-layout-flex\">\n<div class=\"wp-block-column is-layout-flow wp-block-column-is-layout-flow\" style=\"flex-basis:66.66%\">\n<p>Ende der achtziger Jahre standen sowohl das Mertener Schloss als auch die benachbarte Dorfschule leer. F\u00fcr die Kinder des Dorfes organisierte der Eitorfer K\u00fcnstler Herbert Antweiler damals die spannende Suche nach dem Mertener Schlo\u00dfgespenst. Quer durch die alten Gem\u00e4uer des Schlosses und der Kirche f\u00fchrte die Suche nach dem Geist, den die Kinder erst in der alten Orangerie entdeckten und dann erl\u00f6sen konnten. Unter dem Bettlaken steckte damals Paul Kr\u00f6fges, heute Landesvorsitzender des Umweltverbandes BUND. Antweiler und Kr\u00f6fges waren es auch, die wenig sp\u00e4ter die Idee hatten, in der ehemaligen Dorfschule einen Kindergarten zu er\u00f6ffnen. Gemeinsam mit engagierten Eltern gr\u00fcndeten sie 1992 eine Elterninitiative und bauten das alte Haus nach baubiologischen Gesichtspunkten zum Kindergarten aus. Bis heute erinnert der Name des Kindergartens an den engagierten Einsatz seiner Gr\u00fcnderv\u00e4ter f\u00fcr die Eitorfer Kinder.<\/p>\n<\/div>\n\n\n\n<div class=\"wp-block-column is-layout-flow wp-block-column-is-layout-flow\"><\/div>\n\n\n\n<div class=\"wp-block-column is-layout-flow wp-block-column-is-layout-flow\" style=\"flex-basis:33.33%\"><div class=\"wp-block-image is-style-default\">\n<figure class=\"alignleft size-full is-resized\"><img loading=\"lazy\" decoding=\"async\" width=\"180\" height=\"120\" src=\"https:\/\/mertener-schlossgespenster.de\/mertener-schloss\/wp-content\/uploads\/2023\/06\/herbertundpaul.jpg\" alt=\"\" class=\"wp-image-372\" style=\"object-fit:contain;width:614px;height:409px\"\/><\/figure>\n<\/div><\/div>\n<\/div>\n\n\n\n<p><\/p>\n","protected":false},"excerpt":{"rendered":"<p>Tr\u00e4ger Unser Kindergarten besteht seit 1993 in Tr\u00e4gerschaft der Elterninitiative \u201eKindergarten Mertener Schlossgespenster e.V.\u201c. Entstehung Ende der achtziger Jahre standen sowohl das Mertener Schloss als auch die benachbarte Dorfschule leer. F\u00fcr die Kinder des Dorfes organisierte der Eitorfer K\u00fcnstler Herbert Antweiler damals die spannende Suche nach dem Mertener Schlo\u00dfgespenst. Quer durch die alten Gem\u00e4uer des &#8230; <a title=\"Tr\u00e4ger und Entstehung\" class=\"read-more\" href=\"https:\/\/mertener-schlossgespenster.de\/?page_id=25\" aria-label=\"Mehr Informationen \u00fcber Tr\u00e4ger und Entstehung\">Weiterlesen<\/a><\/p>\n","protected":false},"author":1,"featured_media":0,"parent":0,"menu_order":0,"comment_status":"closed","ping_status":"closed","template":"","meta":{"footnotes":""},"class_list":["post-25","page","type-page","status-publish"],"yoast_head":"<!-- This site is optimized with the Yoast SEO plugin v27.1.1 - https:\/\/yoast.com\/product\/yoast-seo-wordpress\/ -->\n<title>Tr\u00e4ger und Entstehung - Mertener Schlossgespenster<\/title>\n<meta name=\"robots\" content=\"noindex, nofollow\" \/>\n<script type=\"application\/ld+json\" class=\"yoast-schema-graph\">{\"@context\":\"https:\/\/schema.org\",\"@graph\":[{\"@type\":\"WebPage\",\"@id\":\"https:\/\/mertener-schlossgespenster.de\/?page_id=25\",\"url\":\"https:\/\/mertener-schlossgespenster.de\/?page_id=25\",\"name\":\"Tr\u00e4ger und Entstehung - Mertener Schlossgespenster\",\"isPartOf\":{\"@id\":\"https:\/\/mertener-schlossgespenster.de\/#website\"},\"primaryImageOfPage\":{\"@id\":\"https:\/\/mertener-schlossgespenster.de\/?page_id=25#primaryimage\"},\"image\":{\"@id\":\"https:\/\/mertener-schlossgespenster.de\/?page_id=25#primaryimage\"},\"thumbnailUrl\":\"http:\/\/mertener-schlossgespenster.de\/mertener-schloss\/wp-content\/uploads\/2023\/06\/herbertundpaul.jpg\",\"datePublished\":\"2023-05-13T13:50:38+00:00\",\"dateModified\":\"2026-03-09T08:36:03+00:00\",\"breadcrumb\":{\"@id\":\"https:\/\/mertener-schlossgespenster.de\/?page_id=25#breadcrumb\"},\"inLanguage\":\"de\",\"potentialAction\":[{\"@type\":\"ReadAction\",\"target\":[\"https:\/\/mertener-schlossgespenster.de\/?page_id=25\"]}]},{\"@type\":\"ImageObject\",\"inLanguage\":\"de\",\"@id\":\"https:\/\/mertener-schlossgespenster.de\/?page_id=25#primaryimage\",\"url\":\"http:\/\/mertener-schlossgespenster.de\/mertener-schloss\/wp-content\/uploads\/2023\/06\/herbertundpaul.jpg\",\"contentUrl\":\"http:\/\/mertener-schlossgespenster.de\/mertener-schloss\/wp-content\/uploads\/2023\/06\/herbertundpaul.jpg\"},{\"@type\":\"BreadcrumbList\",\"@id\":\"https:\/\/mertener-schlossgespenster.de\/?page_id=25#breadcrumb\",\"itemListElement\":[{\"@type\":\"ListItem\",\"position\":1,\"name\":\"Startseite\",\"item\":\"https:\/\/mertener-schlossgespenster.de\/\"},{\"@type\":\"ListItem\",\"position\":2,\"name\":\"Tr\u00e4ger und Entstehung\"}]},{\"@type\":\"WebSite\",\"@id\":\"https:\/\/mertener-schlossgespenster.de\/#website\",\"url\":\"https:\/\/mertener-schlossgespenster.de\/\",\"name\":\"Mertener Schlossgespenster\",\"description\":\"\",\"publisher\":{\"@id\":\"https:\/\/mertener-schlossgespenster.de\/#organization\"},\"potentialAction\":[{\"@type\":\"SearchAction\",\"target\":{\"@type\":\"EntryPoint\",\"urlTemplate\":\"https:\/\/mertener-schlossgespenster.de\/?s={search_term_string}\"},\"query-input\":{\"@type\":\"PropertyValueSpecification\",\"valueRequired\":true,\"valueName\":\"search_term_string\"}}],\"inLanguage\":\"de\"},{\"@type\":\"Organization\",\"@id\":\"https:\/\/mertener-schlossgespenster.de\/#organization\",\"name\":\"Mertener Schlossgespenster\",\"url\":\"https:\/\/mertener-schlossgespenster.de\/\",\"logo\":{\"@type\":\"ImageObject\",\"inLanguage\":\"de\",\"@id\":\"https:\/\/mertener-schlossgespenster.de\/#\/schema\/logo\/image\/\",\"url\":\"https:\/\/mertener-schlossgespenster.de\/wp-content\/uploads\/2023\/08\/cropped-Logo-Klein-m-1.png\",\"contentUrl\":\"https:\/\/mertener-schlossgespenster.de\/wp-content\/uploads\/2023\/08\/cropped-Logo-Klein-m-1.png\",\"width\":512,\"height\":512,\"caption\":\"Mertener Schlossgespenster\"},\"image\":{\"@id\":\"https:\/\/mertener-schlossgespenster.de\/#\/schema\/logo\/image\/\"}}]}<\/script>\n<!-- \/ Yoast SEO plugin. -->","yoast_head_json":{"title":"Tr\u00e4ger und Entstehung - Mertener Schlossgespenster","robots":{"index":"noindex","follow":"nofollow"},"schema":{"@context":"https:\/\/schema.org","@graph":[{"@type":"WebPage","@id":"https:\/\/mertener-schlossgespenster.de\/?page_id=25","url":"https:\/\/mertener-schlossgespenster.de\/?page_id=25","name":"Tr\u00e4ger und Entstehung - Mertener Schlossgespenster","isPartOf":{"@id":"https:\/\/mertener-schlossgespenster.de\/#website"},"primaryImageOfPage":{"@id":"https:\/\/mertener-schlossgespenster.de\/?page_id=25#primaryimage"},"image":{"@id":"https:\/\/mertener-schlossgespenster.de\/?page_id=25#primaryimage"},"thumbnailUrl":"http:\/\/mertener-schlossgespenster.de\/mertener-schloss\/wp-content\/uploads\/2023\/06\/herbertundpaul.jpg","datePublished":"2023-05-13T13:50:38+00:00","dateModified":"2026-03-09T08:36:03+00:00","breadcrumb":{"@id":"https:\/\/mertener-schlossgespenster.de\/?page_id=25#breadcrumb"},"inLanguage":"de","potentialAction":[{"@type":"ReadAction","target":["https:\/\/mertener-schlossgespenster.de\/?page_id=25"]}]},{"@type":"ImageObject","inLanguage":"de","@id":"https:\/\/mertener-schlossgespenster.de\/?page_id=25#primaryimage","url":"http:\/\/mertener-schlossgespenster.de\/mertener-schloss\/wp-content\/uploads\/2023\/06\/herbertundpaul.jpg","contentUrl":"http:\/\/mertener-schlossgespenster.de\/mertener-schloss\/wp-content\/uploads\/2023\/06\/herbertundpaul.jpg"},{"@type":"BreadcrumbList","@id":"https:\/\/mertener-schlossgespenster.de\/?page_id=25#breadcrumb","itemListElement":[{"@type":"ListItem","position":1,"name":"Startseite","item":"https:\/\/mertener-schlossgespenster.de\/"},{"@type":"ListItem","position":2,"name":"Tr\u00e4ger und Entstehung"}]},{"@type":"WebSite","@id":"https:\/\/mertener-schlossgespenster.de\/#website","url":"https:\/\/mertener-schlossgespenster.de\/","name":"Mertener Schlossgespenster","description":"","publisher":{"@id":"https:\/\/mertener-schlossgespenster.de\/#organization"},"potentialAction":[{"@type":"SearchAction","target":{"@type":"EntryPoint","urlTemplate":"https:\/\/mertener-schlossgespenster.de\/?s={search_term_string}"},"query-input":{"@type":"PropertyValueSpecification","valueRequired":true,"valueName":"search_term_string"}}],"inLanguage":"de"},{"@type":"Organization","@id":"https:\/\/mertener-schlossgespenster.de\/#organization","name":"Mertener Schlossgespenster","url":"https:\/\/mertener-schlossgespenster.de\/","logo":{"@type":"ImageObject","inLanguage":"de","@id":"https:\/\/mertener-schlossgespenster.de\/#\/schema\/logo\/image\/","url":"https:\/\/mertener-schlossgespenster.de\/wp-content\/uploads\/2023\/08\/cropped-Logo-Klein-m-1.png","contentUrl":"https:\/\/mertener-schlossgespenster.de\/wp-content\/uploads\/2023\/08\/cropped-Logo-Klein-m-1.png","width":512,"height":512,"caption":"Mertener Schlossgespenster"},"image":{"@id":"https:\/\/mertener-schlossgespenster.de\/#\/schema\/logo\/image\/"}}]}},"_links":{"self":[{"href":"https:\/\/mertener-schlossgespenster.de\/index.php?rest_route=\/wp\/v2\/pages\/25","targetHints":{"allow":["GET"]}}],"collection":[{"href":"https:\/\/mertener-schlossgespenster.de\/index.php?rest_route=\/wp\/v2\/pages"}],"about":[{"href":"https:\/\/mertener-schlossgespenster.de\/index.php?rest_route=\/wp\/v2\/types\/page"}],"author":[{"embeddable":true,"href":"https:\/\/mertener-schlossgespenster.de\/index.php?rest_route=\/wp\/v2\/users\/1"}],"replies":[{"embeddable":true,"href":"https:\/\/mertener-schlossgespenster.de\/index.php?rest_route=%2Fwp%2Fv2%2Fcomments&post=25"}],"version-history":[{"count":2,"href":"https:\/\/mertener-schlossgespenster.de\/index.php?rest_route=\/wp\/v2\/pages\/25\/revisions"}],"predecessor-version":[{"id":1337,"href":"https:\/\/mertener-schlossgespenster.de\/index.php?rest_route=\/wp\/v2\/pages\/25\/revisions\/1337"}],"wp:attachment":[{"href":"https:\/\/mertener-schlossgespenster.de\/index.php?rest_route=%2Fwp%2Fv2%2Fmedia&parent=25"}],"curies":[{"name":"wp","href":"https:\/\/api.w.org\/{rel}","templated":true}]}}