{"id":191,"date":"2023-06-13T18:45:43","date_gmt":"2023-06-13T16:45:43","guid":{"rendered":"http:\/\/mertener-schlossgespenster.de\/?page_id=191"},"modified":"2026-03-09T09:31:00","modified_gmt":"2026-03-09T08:31:00","slug":"spielen-und-gestalten","status":"publish","type":"page","link":"https:\/\/mertener-schlossgespenster.de\/?page_id=191","title":{"rendered":"Spielen und Gestalten"},"content":{"rendered":"<div\n\t\t\t\n\t\t\tclass=\"so-widget-sow-hero so-widget-sow-hero-default-5e2cd5026a7c so-widget-fittext-wrapper\"\n\t\t\t data-fit-text-compressor=\"0.85\"\n\t\t>\t\t\t\t<div class=\"sow-slider-base\" style=\"display: none\" tabindex=\"0\">\n\t\t\t\t\t<ul\n\t\t\t\t\tclass=\"sow-slider-images\"\n\t\t\t\t\tdata-settings=\"{&quot;pagination&quot;:true,&quot;speed&quot;:800,&quot;timeout&quot;:8000,&quot;paused&quot;:false,&quot;pause_on_hover&quot;:false,&quot;swipe&quot;:true,&quot;nav_always_show_desktop&quot;:&quot;&quot;,&quot;nav_always_show_mobile&quot;:&quot;&quot;,&quot;breakpoint&quot;:&quot;780px&quot;,&quot;unmute&quot;:false,&quot;anchor&quot;:null}\"\n\t\t\t\t\tstyle=\"min-height: 400px\"\t\t\t\t\tdata-anchor-id=\"\"\n\t\t\t\t>\t\t<li class=\"sow-slider-image  sow-slider-image-cover\" style=\"visibility: visible;;background-color: #333333;background-image: url(https:\/\/mertener-schlossgespenster.de\/wp-content\/uploads\/2023\/06\/DSC_0173-scaled-e1693510289429.jpg)\" >\n\t\t\t\t\t<div class=\"sow-slider-image-container\">\n\t\t\t<div class=\"sow-slider-image-wrapper\">\n\t\t\t\t\t\t\t<\/div>\n\t\t<\/div>\n\t\t\t\t<\/li>\n\t\t\t\t<li class=\"sow-slider-image  sow-slider-image-cover\" style=\"visibility: hidden;;background-color: #333333\" data-background=\"url(https:\/\/mertener-schlossgespenster.de\/wp-content\/uploads\/2023\/06\/DSC_0018-scaled-e1693582541949.jpg)\" >\n\t\t\t\t\t<div class=\"sow-slider-image-container\">\n\t\t\t<div class=\"sow-slider-image-wrapper\">\n\t\t\t\t\t\t\t<\/div>\n\t\t<\/div>\n\t\t\t\t<\/li>\n\t\t\t\t<li class=\"sow-slider-image  sow-slider-image-cover\" style=\"visibility: hidden;;background-color: #333333\" data-background=\"url(https:\/\/mertener-schlossgespenster.de\/wp-content\/uploads\/2023\/08\/DSC_0627-scaled.jpg)\" >\n\t\t\t\t\t<div class=\"sow-slider-image-container\">\n\t\t\t<div class=\"sow-slider-image-wrapper\">\n\t\t\t\t\t\t\t<\/div>\n\t\t<\/div>\n\t\t\t\t<\/li>\n\t\t\t\t<li class=\"sow-slider-image  sow-slider-image-cover\" style=\"visibility: hidden;;background-color: #333333\" data-background=\"url(https:\/\/mertener-schlossgespenster.de\/wp-content\/uploads\/2023\/08\/image5-e1693510698931.jpeg)\" >\n\t\t\t\t\t<div class=\"sow-slider-image-container\">\n\t\t\t<div class=\"sow-slider-image-wrapper\">\n\t\t\t\t\t\t\t<\/div>\n\t\t<\/div>\n\t\t\t\t<\/li>\n\t\t\t\t<li class=\"sow-slider-image  sow-slider-image-cover\" style=\"visibility: hidden;;background-color: #333333\" data-background=\"url(https:\/\/mertener-schlossgespenster.de\/wp-content\/uploads\/2023\/08\/ll-scaled-e1693582631676.jpg)\" >\n\t\t\t\t\t<div class=\"sow-slider-image-container\">\n\t\t\t<div class=\"sow-slider-image-wrapper\">\n\t\t\t\t\t\t\t<\/div>\n\t\t<\/div>\n\t\t\t\t<\/li>\n\t\t<\/ul>\t\t\t\t<ol class=\"sow-slider-pagination\">\n\t\t\t\t\t\t\t\t\t\t\t<li><a href=\"#\" data-goto=\"0\" aria-label=\"Display slide 1\"><\/a><\/li>\n\t\t\t\t\t\t\t\t\t\t\t<li><a href=\"#\" data-goto=\"1\" aria-label=\"Display slide 2\"><\/a><\/li>\n\t\t\t\t\t\t\t\t\t\t\t<li><a href=\"#\" data-goto=\"2\" aria-label=\"Display slide 3\"><\/a><\/li>\n\t\t\t\t\t\t\t\t\t\t\t<li><a href=\"#\" data-goto=\"3\" aria-label=\"Display slide 4\"><\/a><\/li>\n\t\t\t\t\t\t\t\t\t\t\t<li><a href=\"#\" data-goto=\"4\" aria-label=\"Display slide 5\"><\/a><\/li>\n\t\t\t\t\t\t\t\t\t<\/ol>\n\n\t\t\t\t<div class=\"sow-slide-nav sow-slide-nav-next\">\n\t\t\t\t\t<a href=\"#\" data-goto=\"next\" aria-label=\"Next slide\" data-action=\"next\">\n\t\t\t\t\t\t<em class=\"sow-sld-icon-thin-right\"><\/em>\n\t\t\t\t\t<\/a>\n\t\t\t\t<\/div>\n\n\t\t\t\t<div class=\"sow-slide-nav sow-slide-nav-prev\">\n\t\t\t\t\t<a href=\"#\" data-goto=\"previous\" aria-label=\"Previous slide\" data-action=\"prev\">\n\t\t\t\t\t\t<em class=\"sow-sld-icon-thin-left\"><\/em>\n\t\t\t\t\t<\/a>\n\t\t\t\t<\/div>\n\t\t\t\t<\/div><\/div>\n\n<h2 class=\"wp-block-post-title\">Spielen und Gestalten<\/h2>\n\n\n<p>Geformtes Spielmaterial:<\/p>\n\n\n\n<p>Geformtes Spielmaterial gilt als Bezeichnung f\u00fcr Materialien, die in ihrer Gestalt nicht ver\u00e4nderbar sind oder nicht ver\u00e4ndert werden sollen. Dazu geh\u00f6ren z.B. Lernspiele, Farbtafeln, Gesellschaftsspiele, Puzzle, Bau- und Konstruktionsmaterial, Materialien im Rollenspielbereich und im Kreativbereich, Materialien zum Experimentieren, etc.. Sie sollen, ebenso wie Musikinstrumente oder Werkzeuge Lernerfahrungen erm\u00f6glichen und anregende Spielm\u00f6glichkeiten bieten. Zu diesem Material geh\u00f6ren auch Materialien aus der Natur. Steine, Wurzeln, \u00c4ste, Kristalle etc. k\u00f6nnen im Spiel in ganz unterschiedlichen Bedeutungszusammenh\u00e4ngen genutzt, d\u00fcrfen aber nicht zerst\u00f6rt werden.<\/p>\n\n\n\n<p>Ungeformtes Spielmaterial:<\/p>\n\n\n\n<p>Hierbei handelt es sich um Materialien, die in ihrer Form ver\u00e4nderbar sind: Wolle, Sand, Rindenst\u00fccke, T\u00fccher, Ton, Knete oder Knetwachs, Rasierschaum etc. Sie sind vor allem dazu gedacht, die Kinder in ihrem Sch\u00f6pfungsdrang zu unterst\u00fctzen, ihre Kreativit\u00e4t zu f\u00f6rdern, ihre Feinmotorik zu f\u00f6rdern sowie vielf\u00e4ltige Erfahrungen \u00fcber die K\u00f6rpersinne zu erleben. Wir setzen damit einen Gegenpol zu &#8222;fertigen&#8220; Spielprodukten wie Computerspielen, Sprechpuppen und -tieren, von denen wir glauben, dass sie die Kreativit\u00e4t der Kinder beschneiden k\u00f6nnen.<\/p>\n","protected":false},"excerpt":{"rendered":"<p>Geformtes Spielmaterial: Geformtes Spielmaterial gilt als Bezeichnung f\u00fcr Materialien, die in ihrer Gestalt nicht ver\u00e4nderbar sind oder nicht ver\u00e4ndert werden sollen. Dazu geh\u00f6ren z.B. Lernspiele, Farbtafeln, Gesellschaftsspiele, Puzzle, Bau- und Konstruktionsmaterial, Materialien im Rollenspielbereich und im Kreativbereich, Materialien zum Experimentieren, etc.. Sie sollen, ebenso wie Musikinstrumente oder Werkzeuge Lernerfahrungen erm\u00f6glichen und anregende Spielm\u00f6glichkeiten bieten. Zu &#8230; <a title=\"Spielen und Gestalten\" class=\"read-more\" href=\"https:\/\/mertener-schlossgespenster.de\/?page_id=191\" aria-label=\"Mehr Informationen \u00fcber Spielen und Gestalten\">Weiterlesen<\/a><\/p>\n","protected":false},"author":2,"featured_media":0,"parent":0,"menu_order":3,"comment_status":"closed","ping_status":"closed","template":"","meta":{"footnotes":""},"class_list":["post-191","page","type-page","status-publish"],"yoast_head":"<!-- This site is optimized with the Yoast SEO plugin v27.1.1 - https:\/\/yoast.com\/product\/yoast-seo-wordpress\/ -->\n<title>Spielen und Gestalten - Mertener Schlossgespenster<\/title>\n<meta name=\"robots\" content=\"noindex, nofollow\" \/>\n<script type=\"application\/ld+json\" class=\"yoast-schema-graph\">{\"@context\":\"https:\/\/schema.org\",\"@graph\":[{\"@type\":\"WebPage\",\"@id\":\"https:\/\/mertener-schlossgespenster.de\/?page_id=191\",\"url\":\"https:\/\/mertener-schlossgespenster.de\/?page_id=191\",\"name\":\"Spielen und Gestalten - Mertener Schlossgespenster\",\"isPartOf\":{\"@id\":\"https:\/\/mertener-schlossgespenster.de\/#website\"},\"datePublished\":\"2023-06-13T16:45:43+00:00\",\"dateModified\":\"2026-03-09T08:31:00+00:00\",\"breadcrumb\":{\"@id\":\"https:\/\/mertener-schlossgespenster.de\/?page_id=191#breadcrumb\"},\"inLanguage\":\"de\",\"potentialAction\":[{\"@type\":\"ReadAction\",\"target\":[\"https:\/\/mertener-schlossgespenster.de\/?page_id=191\"]}]},{\"@type\":\"BreadcrumbList\",\"@id\":\"https:\/\/mertener-schlossgespenster.de\/?page_id=191#breadcrumb\",\"itemListElement\":[{\"@type\":\"ListItem\",\"position\":1,\"name\":\"Startseite\",\"item\":\"https:\/\/mertener-schlossgespenster.de\/\"},{\"@type\":\"ListItem\",\"position\":2,\"name\":\"Spielen und Gestalten\"}]},{\"@type\":\"WebSite\",\"@id\":\"https:\/\/mertener-schlossgespenster.de\/#website\",\"url\":\"https:\/\/mertener-schlossgespenster.de\/\",\"name\":\"Mertener Schlossgespenster\",\"description\":\"\",\"publisher\":{\"@id\":\"https:\/\/mertener-schlossgespenster.de\/#organization\"},\"potentialAction\":[{\"@type\":\"SearchAction\",\"target\":{\"@type\":\"EntryPoint\",\"urlTemplate\":\"https:\/\/mertener-schlossgespenster.de\/?s={search_term_string}\"},\"query-input\":{\"@type\":\"PropertyValueSpecification\",\"valueRequired\":true,\"valueName\":\"search_term_string\"}}],\"inLanguage\":\"de\"},{\"@type\":\"Organization\",\"@id\":\"https:\/\/mertener-schlossgespenster.de\/#organization\",\"name\":\"Mertener Schlossgespenster\",\"url\":\"https:\/\/mertener-schlossgespenster.de\/\",\"logo\":{\"@type\":\"ImageObject\",\"inLanguage\":\"de\",\"@id\":\"https:\/\/mertener-schlossgespenster.de\/#\/schema\/logo\/image\/\",\"url\":\"https:\/\/mertener-schlossgespenster.de\/wp-content\/uploads\/2023\/08\/cropped-Logo-Klein-m-1.png\",\"contentUrl\":\"https:\/\/mertener-schlossgespenster.de\/wp-content\/uploads\/2023\/08\/cropped-Logo-Klein-m-1.png\",\"width\":512,\"height\":512,\"caption\":\"Mertener Schlossgespenster\"},\"image\":{\"@id\":\"https:\/\/mertener-schlossgespenster.de\/#\/schema\/logo\/image\/\"}}]}<\/script>\n<!-- \/ Yoast SEO plugin. -->","yoast_head_json":{"title":"Spielen und Gestalten - Mertener Schlossgespenster","robots":{"index":"noindex","follow":"nofollow"},"schema":{"@context":"https:\/\/schema.org","@graph":[{"@type":"WebPage","@id":"https:\/\/mertener-schlossgespenster.de\/?page_id=191","url":"https:\/\/mertener-schlossgespenster.de\/?page_id=191","name":"Spielen und Gestalten - Mertener Schlossgespenster","isPartOf":{"@id":"https:\/\/mertener-schlossgespenster.de\/#website"},"datePublished":"2023-06-13T16:45:43+00:00","dateModified":"2026-03-09T08:31:00+00:00","breadcrumb":{"@id":"https:\/\/mertener-schlossgespenster.de\/?page_id=191#breadcrumb"},"inLanguage":"de","potentialAction":[{"@type":"ReadAction","target":["https:\/\/mertener-schlossgespenster.de\/?page_id=191"]}]},{"@type":"BreadcrumbList","@id":"https:\/\/mertener-schlossgespenster.de\/?page_id=191#breadcrumb","itemListElement":[{"@type":"ListItem","position":1,"name":"Startseite","item":"https:\/\/mertener-schlossgespenster.de\/"},{"@type":"ListItem","position":2,"name":"Spielen und Gestalten"}]},{"@type":"WebSite","@id":"https:\/\/mertener-schlossgespenster.de\/#website","url":"https:\/\/mertener-schlossgespenster.de\/","name":"Mertener Schlossgespenster","description":"","publisher":{"@id":"https:\/\/mertener-schlossgespenster.de\/#organization"},"potentialAction":[{"@type":"SearchAction","target":{"@type":"EntryPoint","urlTemplate":"https:\/\/mertener-schlossgespenster.de\/?s={search_term_string}"},"query-input":{"@type":"PropertyValueSpecification","valueRequired":true,"valueName":"search_term_string"}}],"inLanguage":"de"},{"@type":"Organization","@id":"https:\/\/mertener-schlossgespenster.de\/#organization","name":"Mertener Schlossgespenster","url":"https:\/\/mertener-schlossgespenster.de\/","logo":{"@type":"ImageObject","inLanguage":"de","@id":"https:\/\/mertener-schlossgespenster.de\/#\/schema\/logo\/image\/","url":"https:\/\/mertener-schlossgespenster.de\/wp-content\/uploads\/2023\/08\/cropped-Logo-Klein-m-1.png","contentUrl":"https:\/\/mertener-schlossgespenster.de\/wp-content\/uploads\/2023\/08\/cropped-Logo-Klein-m-1.png","width":512,"height":512,"caption":"Mertener Schlossgespenster"},"image":{"@id":"https:\/\/mertener-schlossgespenster.de\/#\/schema\/logo\/image\/"}}]}},"_links":{"self":[{"href":"https:\/\/mertener-schlossgespenster.de\/index.php?rest_route=\/wp\/v2\/pages\/191","targetHints":{"allow":["GET"]}}],"collection":[{"href":"https:\/\/mertener-schlossgespenster.de\/index.php?rest_route=\/wp\/v2\/pages"}],"about":[{"href":"https:\/\/mertener-schlossgespenster.de\/index.php?rest_route=\/wp\/v2\/types\/page"}],"author":[{"embeddable":true,"href":"https:\/\/mertener-schlossgespenster.de\/index.php?rest_route=\/wp\/v2\/users\/2"}],"replies":[{"embeddable":true,"href":"https:\/\/mertener-schlossgespenster.de\/index.php?rest_route=%2Fwp%2Fv2%2Fcomments&post=191"}],"version-history":[{"count":2,"href":"https:\/\/mertener-schlossgespenster.de\/index.php?rest_route=\/wp\/v2\/pages\/191\/revisions"}],"predecessor-version":[{"id":1662,"href":"https:\/\/mertener-schlossgespenster.de\/index.php?rest_route=\/wp\/v2\/pages\/191\/revisions\/1662"}],"wp:attachment":[{"href":"https:\/\/mertener-schlossgespenster.de\/index.php?rest_route=%2Fwp%2Fv2%2Fmedia&parent=191"}],"curies":[{"name":"wp","href":"https:\/\/api.w.org\/{rel}","templated":true}]}}