{"id":187,"date":"2023-06-13T18:43:37","date_gmt":"2023-06-13T16:43:37","guid":{"rendered":"http:\/\/mertener-schlossgespenster.de\/?page_id=187"},"modified":"2026-03-09T09:29:09","modified_gmt":"2026-03-09T08:29:09","slug":"musik-im-kindergarten","status":"publish","type":"page","link":"https:\/\/mertener-schlossgespenster.de\/?page_id=187","title":{"rendered":"Musik im Kindergarten"},"content":{"rendered":"<div\n\t\t\t\n\t\t\tclass=\"so-widget-sow-hero so-widget-sow-hero-default-5e2cd5026a7c so-widget-fittext-wrapper\"\n\t\t\t data-fit-text-compressor=\"0.85\"\n\t\t>\t\t\t\t<div class=\"sow-slider-base\" style=\"display: none\" tabindex=\"0\">\n\t\t\t\t\t<ul\n\t\t\t\t\tclass=\"sow-slider-images\"\n\t\t\t\t\tdata-settings=\"{&quot;pagination&quot;:true,&quot;speed&quot;:800,&quot;timeout&quot;:8000,&quot;paused&quot;:false,&quot;pause_on_hover&quot;:false,&quot;swipe&quot;:true,&quot;nav_always_show_desktop&quot;:&quot;&quot;,&quot;nav_always_show_mobile&quot;:&quot;&quot;,&quot;breakpoint&quot;:&quot;780px&quot;,&quot;unmute&quot;:false,&quot;anchor&quot;:null}\"\n\t\t\t\t\tstyle=\"min-height: 400px\"\t\t\t\t\tdata-anchor-id=\"\"\n\t\t\t\t>\t\t<li class=\"sow-slider-image  sow-slider-image-cover\" style=\"visibility: visible;;background-color: #333333;background-image: url(https:\/\/mertener-schlossgespenster.de\/wp-content\/uploads\/2023\/06\/IMG_8830-e1693509908562.jpg)\" >\n\t\t\t\t\t<div class=\"sow-slider-image-container\">\n\t\t\t<div class=\"sow-slider-image-wrapper\">\n\t\t\t\t\t\t\t<\/div>\n\t\t<\/div>\n\t\t\t\t<\/li>\n\t\t<\/ul>\t\t\t\t<ol class=\"sow-slider-pagination\">\n\t\t\t\t\t\t\t\t\t\t\t<li><a href=\"#\" data-goto=\"0\" aria-label=\"Display slide 1\"><\/a><\/li>\n\t\t\t\t\t\t\t\t\t<\/ol>\n\n\t\t\t\t<div class=\"sow-slide-nav sow-slide-nav-next\">\n\t\t\t\t\t<a href=\"#\" data-goto=\"next\" aria-label=\"Next slide\" data-action=\"next\">\n\t\t\t\t\t\t<em class=\"sow-sld-icon-thin-right\"><\/em>\n\t\t\t\t\t<\/a>\n\t\t\t\t<\/div>\n\n\t\t\t\t<div class=\"sow-slide-nav sow-slide-nav-prev\">\n\t\t\t\t\t<a href=\"#\" data-goto=\"previous\" aria-label=\"Previous slide\" data-action=\"prev\">\n\t\t\t\t\t\t<em class=\"sow-sld-icon-thin-left\"><\/em>\n\t\t\t\t\t<\/a>\n\t\t\t\t<\/div>\n\t\t\t\t<\/div><\/div>\n\n<h2 class=\"wp-block-post-title\">Musik im Kindergarten<\/h2>\n\n\n<p>Erfahrungen mit Kl\u00e4ngen und Stimme sind fester Bestandteil unserer Sinnesschulung und Erziehung. Das Kind lernt durch geschulte und einf\u00fchlsame Begleitung auf seine ihm eigene Weise die Entstehung von T\u00f6nen und Ger\u00e4uschen zu verstehen und den Zusammenhang zwischen Klangmaterial und Klangerzeugung, laut und leise, hell und dunkel etc. zu begreifen. Unser Umgang mit Musik soll den Kindern Spa\u00df und Freude vermitteln, zugleich eine ganzheitliche Schulung aller Sinne bewirken.<\/p>\n\n\n\n<figure class=\"wp-block-image size-full\"><img loading=\"lazy\" decoding=\"async\" width=\"180\" height=\"121\" src=\"https:\/\/mertener-schlossgespenster.de\/mertener-schloss\/wp-content\/uploads\/2023\/06\/kp3.jpg\" alt=\"\" class=\"wp-image-374\"\/><\/figure>\n","protected":false},"excerpt":{"rendered":"<p>Erfahrungen mit Kl\u00e4ngen und Stimme sind fester Bestandteil unserer Sinnesschulung und Erziehung. Das Kind lernt durch geschulte und einf\u00fchlsame Begleitung auf seine ihm eigene Weise die Entstehung von T\u00f6nen und Ger\u00e4uschen zu verstehen und den Zusammenhang zwischen Klangmaterial und Klangerzeugung, laut und leise, hell und dunkel etc. zu begreifen. Unser Umgang mit Musik soll den &#8230; <a title=\"Musik im Kindergarten\" class=\"read-more\" href=\"https:\/\/mertener-schlossgespenster.de\/?page_id=187\" aria-label=\"Mehr Informationen \u00fcber Musik im Kindergarten\">Weiterlesen<\/a><\/p>\n","protected":false},"author":2,"featured_media":0,"parent":0,"menu_order":2,"comment_status":"closed","ping_status":"closed","template":"","meta":{"footnotes":""},"class_list":["post-187","page","type-page","status-publish"],"yoast_head":"<!-- This site is optimized with the Yoast SEO plugin v27.1.1 - https:\/\/yoast.com\/product\/yoast-seo-wordpress\/ -->\n<title>Musik im Kindergarten - Mertener Schlossgespenster<\/title>\n<meta name=\"robots\" content=\"noindex, nofollow\" \/>\n<script type=\"application\/ld+json\" class=\"yoast-schema-graph\">{\"@context\":\"https:\/\/schema.org\",\"@graph\":[{\"@type\":\"WebPage\",\"@id\":\"https:\/\/mertener-schlossgespenster.de\/?page_id=187\",\"url\":\"https:\/\/mertener-schlossgespenster.de\/?page_id=187\",\"name\":\"Musik im Kindergarten - Mertener Schlossgespenster\",\"isPartOf\":{\"@id\":\"https:\/\/mertener-schlossgespenster.de\/#website\"},\"primaryImageOfPage\":{\"@id\":\"https:\/\/mertener-schlossgespenster.de\/?page_id=187#primaryimage\"},\"image\":{\"@id\":\"https:\/\/mertener-schlossgespenster.de\/?page_id=187#primaryimage\"},\"thumbnailUrl\":\"http:\/\/mertener-schlossgespenster.de\/mertener-schloss\/wp-content\/uploads\/2023\/06\/kp3.jpg\",\"datePublished\":\"2023-06-13T16:43:37+00:00\",\"dateModified\":\"2026-03-09T08:29:09+00:00\",\"breadcrumb\":{\"@id\":\"https:\/\/mertener-schlossgespenster.de\/?page_id=187#breadcrumb\"},\"inLanguage\":\"de\",\"potentialAction\":[{\"@type\":\"ReadAction\",\"target\":[\"https:\/\/mertener-schlossgespenster.de\/?page_id=187\"]}]},{\"@type\":\"ImageObject\",\"inLanguage\":\"de\",\"@id\":\"https:\/\/mertener-schlossgespenster.de\/?page_id=187#primaryimage\",\"url\":\"http:\/\/mertener-schlossgespenster.de\/mertener-schloss\/wp-content\/uploads\/2023\/06\/kp3.jpg\",\"contentUrl\":\"http:\/\/mertener-schlossgespenster.de\/mertener-schloss\/wp-content\/uploads\/2023\/06\/kp3.jpg\"},{\"@type\":\"BreadcrumbList\",\"@id\":\"https:\/\/mertener-schlossgespenster.de\/?page_id=187#breadcrumb\",\"itemListElement\":[{\"@type\":\"ListItem\",\"position\":1,\"name\":\"Startseite\",\"item\":\"https:\/\/mertener-schlossgespenster.de\/\"},{\"@type\":\"ListItem\",\"position\":2,\"name\":\"Musik im Kindergarten\"}]},{\"@type\":\"WebSite\",\"@id\":\"https:\/\/mertener-schlossgespenster.de\/#website\",\"url\":\"https:\/\/mertener-schlossgespenster.de\/\",\"name\":\"Mertener Schlossgespenster\",\"description\":\"\",\"publisher\":{\"@id\":\"https:\/\/mertener-schlossgespenster.de\/#organization\"},\"potentialAction\":[{\"@type\":\"SearchAction\",\"target\":{\"@type\":\"EntryPoint\",\"urlTemplate\":\"https:\/\/mertener-schlossgespenster.de\/?s={search_term_string}\"},\"query-input\":{\"@type\":\"PropertyValueSpecification\",\"valueRequired\":true,\"valueName\":\"search_term_string\"}}],\"inLanguage\":\"de\"},{\"@type\":\"Organization\",\"@id\":\"https:\/\/mertener-schlossgespenster.de\/#organization\",\"name\":\"Mertener Schlossgespenster\",\"url\":\"https:\/\/mertener-schlossgespenster.de\/\",\"logo\":{\"@type\":\"ImageObject\",\"inLanguage\":\"de\",\"@id\":\"https:\/\/mertener-schlossgespenster.de\/#\/schema\/logo\/image\/\",\"url\":\"https:\/\/mertener-schlossgespenster.de\/wp-content\/uploads\/2023\/08\/cropped-Logo-Klein-m-1.png\",\"contentUrl\":\"https:\/\/mertener-schlossgespenster.de\/wp-content\/uploads\/2023\/08\/cropped-Logo-Klein-m-1.png\",\"width\":512,\"height\":512,\"caption\":\"Mertener Schlossgespenster\"},\"image\":{\"@id\":\"https:\/\/mertener-schlossgespenster.de\/#\/schema\/logo\/image\/\"}}]}<\/script>\n<!-- \/ Yoast SEO plugin. -->","yoast_head_json":{"title":"Musik im Kindergarten - Mertener Schlossgespenster","robots":{"index":"noindex","follow":"nofollow"},"schema":{"@context":"https:\/\/schema.org","@graph":[{"@type":"WebPage","@id":"https:\/\/mertener-schlossgespenster.de\/?page_id=187","url":"https:\/\/mertener-schlossgespenster.de\/?page_id=187","name":"Musik im Kindergarten - Mertener Schlossgespenster","isPartOf":{"@id":"https:\/\/mertener-schlossgespenster.de\/#website"},"primaryImageOfPage":{"@id":"https:\/\/mertener-schlossgespenster.de\/?page_id=187#primaryimage"},"image":{"@id":"https:\/\/mertener-schlossgespenster.de\/?page_id=187#primaryimage"},"thumbnailUrl":"http:\/\/mertener-schlossgespenster.de\/mertener-schloss\/wp-content\/uploads\/2023\/06\/kp3.jpg","datePublished":"2023-06-13T16:43:37+00:00","dateModified":"2026-03-09T08:29:09+00:00","breadcrumb":{"@id":"https:\/\/mertener-schlossgespenster.de\/?page_id=187#breadcrumb"},"inLanguage":"de","potentialAction":[{"@type":"ReadAction","target":["https:\/\/mertener-schlossgespenster.de\/?page_id=187"]}]},{"@type":"ImageObject","inLanguage":"de","@id":"https:\/\/mertener-schlossgespenster.de\/?page_id=187#primaryimage","url":"http:\/\/mertener-schlossgespenster.de\/mertener-schloss\/wp-content\/uploads\/2023\/06\/kp3.jpg","contentUrl":"http:\/\/mertener-schlossgespenster.de\/mertener-schloss\/wp-content\/uploads\/2023\/06\/kp3.jpg"},{"@type":"BreadcrumbList","@id":"https:\/\/mertener-schlossgespenster.de\/?page_id=187#breadcrumb","itemListElement":[{"@type":"ListItem","position":1,"name":"Startseite","item":"https:\/\/mertener-schlossgespenster.de\/"},{"@type":"ListItem","position":2,"name":"Musik im Kindergarten"}]},{"@type":"WebSite","@id":"https:\/\/mertener-schlossgespenster.de\/#website","url":"https:\/\/mertener-schlossgespenster.de\/","name":"Mertener Schlossgespenster","description":"","publisher":{"@id":"https:\/\/mertener-schlossgespenster.de\/#organization"},"potentialAction":[{"@type":"SearchAction","target":{"@type":"EntryPoint","urlTemplate":"https:\/\/mertener-schlossgespenster.de\/?s={search_term_string}"},"query-input":{"@type":"PropertyValueSpecification","valueRequired":true,"valueName":"search_term_string"}}],"inLanguage":"de"},{"@type":"Organization","@id":"https:\/\/mertener-schlossgespenster.de\/#organization","name":"Mertener Schlossgespenster","url":"https:\/\/mertener-schlossgespenster.de\/","logo":{"@type":"ImageObject","inLanguage":"de","@id":"https:\/\/mertener-schlossgespenster.de\/#\/schema\/logo\/image\/","url":"https:\/\/mertener-schlossgespenster.de\/wp-content\/uploads\/2023\/08\/cropped-Logo-Klein-m-1.png","contentUrl":"https:\/\/mertener-schlossgespenster.de\/wp-content\/uploads\/2023\/08\/cropped-Logo-Klein-m-1.png","width":512,"height":512,"caption":"Mertener Schlossgespenster"},"image":{"@id":"https:\/\/mertener-schlossgespenster.de\/#\/schema\/logo\/image\/"}}]}},"_links":{"self":[{"href":"https:\/\/mertener-schlossgespenster.de\/index.php?rest_route=\/wp\/v2\/pages\/187","targetHints":{"allow":["GET"]}}],"collection":[{"href":"https:\/\/mertener-schlossgespenster.de\/index.php?rest_route=\/wp\/v2\/pages"}],"about":[{"href":"https:\/\/mertener-schlossgespenster.de\/index.php?rest_route=\/wp\/v2\/types\/page"}],"author":[{"embeddable":true,"href":"https:\/\/mertener-schlossgespenster.de\/index.php?rest_route=\/wp\/v2\/users\/2"}],"replies":[{"embeddable":true,"href":"https:\/\/mertener-schlossgespenster.de\/index.php?rest_route=%2Fwp%2Fv2%2Fcomments&post=187"}],"version-history":[{"count":3,"href":"https:\/\/mertener-schlossgespenster.de\/index.php?rest_route=\/wp\/v2\/pages\/187\/revisions"}],"predecessor-version":[{"id":1663,"href":"https:\/\/mertener-schlossgespenster.de\/index.php?rest_route=\/wp\/v2\/pages\/187\/revisions\/1663"}],"wp:attachment":[{"href":"https:\/\/mertener-schlossgespenster.de\/index.php?rest_route=%2Fwp%2Fv2%2Fmedia&parent=187"}],"curies":[{"name":"wp","href":"https:\/\/api.w.org\/{rel}","templated":true}]}}