{"id":180,"date":"2023-06-13T18:39:29","date_gmt":"2023-06-13T16:39:29","guid":{"rendered":"http:\/\/mertener-schlossgespenster.de\/?page_id=180"},"modified":"2026-03-09T09:41:33","modified_gmt":"2026-03-09T08:41:33","slug":"bildungsdokumentation-portfolio","status":"publish","type":"page","link":"https:\/\/mertener-schlossgespenster.de\/?page_id=180","title":{"rendered":"Bildungsdokumentation- Portfolio"},"content":{"rendered":"<div\n\t\t\t\n\t\t\tclass=\"so-widget-sow-hero so-widget-sow-hero-default-5e2cd5026a7c so-widget-fittext-wrapper\"\n\t\t\t data-fit-text-compressor=\"0.85\"\n\t\t>\t\t\t\t<div class=\"sow-slider-base\" style=\"display: none\" tabindex=\"0\">\n\t\t\t\t\t<ul\n\t\t\t\t\tclass=\"sow-slider-images\"\n\t\t\t\t\tdata-settings=\"{&quot;pagination&quot;:true,&quot;speed&quot;:800,&quot;timeout&quot;:8000,&quot;paused&quot;:false,&quot;pause_on_hover&quot;:false,&quot;swipe&quot;:true,&quot;nav_always_show_desktop&quot;:&quot;&quot;,&quot;nav_always_show_mobile&quot;:&quot;&quot;,&quot;breakpoint&quot;:&quot;780px&quot;,&quot;unmute&quot;:false,&quot;anchor&quot;:null}\"\n\t\t\t\t\tstyle=\"min-height: 400px\"\t\t\t\t\tdata-anchor-id=\"\"\n\t\t\t\t>\t\t<li class=\"sow-slider-image  sow-slider-image-cover\" style=\"visibility: visible;;background-color: #333333;background-image: url(https:\/\/mertener-schlossgespenster.de\/wp-content\/uploads\/2023\/06\/DSC_0167-scaled-e1693513621630.jpg)\" >\n\t\t\t\t\t<div class=\"sow-slider-image-container\">\n\t\t\t<div class=\"sow-slider-image-wrapper\">\n\t\t\t\t\t\t\t<\/div>\n\t\t<\/div>\n\t\t\t\t<\/li>\n\t\t<\/ul>\t\t\t\t<ol class=\"sow-slider-pagination\">\n\t\t\t\t\t\t\t\t\t\t\t<li><a href=\"#\" data-goto=\"0\" aria-label=\"Display slide 1\"><\/a><\/li>\n\t\t\t\t\t\t\t\t\t<\/ol>\n\n\t\t\t\t<div class=\"sow-slide-nav sow-slide-nav-next\">\n\t\t\t\t\t<a href=\"#\" data-goto=\"next\" aria-label=\"Next slide\" data-action=\"next\">\n\t\t\t\t\t\t<em class=\"sow-sld-icon-thin-right\"><\/em>\n\t\t\t\t\t<\/a>\n\t\t\t\t<\/div>\n\n\t\t\t\t<div class=\"sow-slide-nav sow-slide-nav-prev\">\n\t\t\t\t\t<a href=\"#\" data-goto=\"previous\" aria-label=\"Previous slide\" data-action=\"prev\">\n\t\t\t\t\t\t<em class=\"sow-sld-icon-thin-left\"><\/em>\n\t\t\t\t\t<\/a>\n\t\t\t\t<\/div>\n\t\t\t\t<\/div><\/div>\n\n\n<p><\/p>\n\n\n<h2 class=\"wp-block-post-title\">Bildungsdokumentation- Portfolio<\/h2>\n\n\n<p>Unsere gew\u00e4hlte Methode der systematischen Dokumentation der Bildungs- und Entwicklungsschritte, halte wir, in dem f\u00fcr jedes Kind angelegten Portfolio- Ordner, dass sogenannte \u201eICH-Buch\u201c, fest.<\/p>\n\n\n\n<p>Darin werden f\u00fcr die Kinder eigene Fortschritte \u00fcber Lerngeschichten sichtbar gemacht und festgehalten. Ziel ist es bei dem Kind ein Bewusstsein f\u00fcr seine eigenen Lernwege anzulegen, denn daraus erw\u00e4chst eine innere sicherere Haltung f\u00fcr zuk\u00fcnftige Lernerfahrungen. Es erf\u00e4hrt somit eine ganz besondere Anerkennung und Wertsch\u00e4tzung in seinem Tun. Diese Dokumentationen dienen uns immer wieder dazu, zu einer Einsch\u00e4tzung zu gelangen, was das einzelne Kind braucht und stehen uns als wichtige Grundlage f\u00fcr den Austausch mit den Eltern zur Verf\u00fcgung.&nbsp; Auch die Eltern k\u00f6nnen das \u201eICH- Buch\u201c erweitern und erg\u00e4nzen und entsprechende Ereignisse und Entwicklungsschritte ihres Kindes aus Elternsicht festhalten. Das Kind hat immer den freien Zugang zum eigenen \u201eICH-Buch\u201c. Es regt zur Kommunikation und zum Austausch an. Das \u201eICH-Buch\u201c ist eine Sammlung der kompletten Kitazeit und wird am Ende dieser, den Kindern als wertsch\u00e4tzende \u201eKostbarkeit\u201c ihrer ganz individuellen Entwicklung, mit auf dem weiteren Lebensweg gegeben.<\/p>\n","protected":false},"excerpt":{"rendered":"<p>Unsere gew\u00e4hlte Methode der systematischen Dokumentation der Bildungs- und Entwicklungsschritte, halte wir, in dem f\u00fcr jedes Kind angelegten Portfolio- Ordner, dass sogenannte \u201eICH-Buch\u201c, fest. Darin werden f\u00fcr die Kinder eigene Fortschritte \u00fcber Lerngeschichten sichtbar gemacht und festgehalten. Ziel ist es bei dem Kind ein Bewusstsein f\u00fcr seine eigenen Lernwege anzulegen, denn daraus erw\u00e4chst eine innere &#8230; <a title=\"Bildungsdokumentation- Portfolio\" class=\"read-more\" href=\"https:\/\/mertener-schlossgespenster.de\/?page_id=180\" aria-label=\"Mehr Informationen \u00fcber Bildungsdokumentation- Portfolio\">Weiterlesen<\/a><\/p>\n","protected":false},"author":2,"featured_media":0,"parent":0,"menu_order":9,"comment_status":"closed","ping_status":"closed","template":"","meta":{"footnotes":""},"class_list":["post-180","page","type-page","status-publish"],"yoast_head":"<!-- This site is optimized with the Yoast SEO plugin v27.1.1 - https:\/\/yoast.com\/product\/yoast-seo-wordpress\/ -->\n<title>Bildungsdokumentation- Portfolio - Mertener Schlossgespenster<\/title>\n<meta name=\"robots\" content=\"noindex, follow\" \/>\n<script type=\"application\/ld+json\" class=\"yoast-schema-graph\">{\"@context\":\"https:\/\/schema.org\",\"@graph\":[{\"@type\":\"WebPage\",\"@id\":\"https:\/\/mertener-schlossgespenster.de\/?page_id=180\",\"url\":\"https:\/\/mertener-schlossgespenster.de\/?page_id=180\",\"name\":\"Bildungsdokumentation- Portfolio - Mertener Schlossgespenster\",\"isPartOf\":{\"@id\":\"https:\/\/mertener-schlossgespenster.de\/#website\"},\"datePublished\":\"2023-06-13T16:39:29+00:00\",\"dateModified\":\"2026-03-09T08:41:33+00:00\",\"breadcrumb\":{\"@id\":\"https:\/\/mertener-schlossgespenster.de\/?page_id=180#breadcrumb\"},\"inLanguage\":\"de\",\"potentialAction\":[{\"@type\":\"ReadAction\",\"target\":[\"https:\/\/mertener-schlossgespenster.de\/?page_id=180\"]}]},{\"@type\":\"BreadcrumbList\",\"@id\":\"https:\/\/mertener-schlossgespenster.de\/?page_id=180#breadcrumb\",\"itemListElement\":[{\"@type\":\"ListItem\",\"position\":1,\"name\":\"Startseite\",\"item\":\"https:\/\/mertener-schlossgespenster.de\/\"},{\"@type\":\"ListItem\",\"position\":2,\"name\":\"Bildungsdokumentation- Portfolio\"}]},{\"@type\":\"WebSite\",\"@id\":\"https:\/\/mertener-schlossgespenster.de\/#website\",\"url\":\"https:\/\/mertener-schlossgespenster.de\/\",\"name\":\"Mertener Schlossgespenster\",\"description\":\"\",\"publisher\":{\"@id\":\"https:\/\/mertener-schlossgespenster.de\/#organization\"},\"potentialAction\":[{\"@type\":\"SearchAction\",\"target\":{\"@type\":\"EntryPoint\",\"urlTemplate\":\"https:\/\/mertener-schlossgespenster.de\/?s={search_term_string}\"},\"query-input\":{\"@type\":\"PropertyValueSpecification\",\"valueRequired\":true,\"valueName\":\"search_term_string\"}}],\"inLanguage\":\"de\"},{\"@type\":\"Organization\",\"@id\":\"https:\/\/mertener-schlossgespenster.de\/#organization\",\"name\":\"Mertener Schlossgespenster\",\"url\":\"https:\/\/mertener-schlossgespenster.de\/\",\"logo\":{\"@type\":\"ImageObject\",\"inLanguage\":\"de\",\"@id\":\"https:\/\/mertener-schlossgespenster.de\/#\/schema\/logo\/image\/\",\"url\":\"https:\/\/mertener-schlossgespenster.de\/wp-content\/uploads\/2023\/08\/cropped-Logo-Klein-m-1.png\",\"contentUrl\":\"https:\/\/mertener-schlossgespenster.de\/wp-content\/uploads\/2023\/08\/cropped-Logo-Klein-m-1.png\",\"width\":512,\"height\":512,\"caption\":\"Mertener Schlossgespenster\"},\"image\":{\"@id\":\"https:\/\/mertener-schlossgespenster.de\/#\/schema\/logo\/image\/\"}}]}<\/script>\n<!-- \/ Yoast SEO plugin. -->","yoast_head_json":{"title":"Bildungsdokumentation- Portfolio - Mertener Schlossgespenster","robots":{"index":"noindex","follow":"follow"},"schema":{"@context":"https:\/\/schema.org","@graph":[{"@type":"WebPage","@id":"https:\/\/mertener-schlossgespenster.de\/?page_id=180","url":"https:\/\/mertener-schlossgespenster.de\/?page_id=180","name":"Bildungsdokumentation- Portfolio - Mertener Schlossgespenster","isPartOf":{"@id":"https:\/\/mertener-schlossgespenster.de\/#website"},"datePublished":"2023-06-13T16:39:29+00:00","dateModified":"2026-03-09T08:41:33+00:00","breadcrumb":{"@id":"https:\/\/mertener-schlossgespenster.de\/?page_id=180#breadcrumb"},"inLanguage":"de","potentialAction":[{"@type":"ReadAction","target":["https:\/\/mertener-schlossgespenster.de\/?page_id=180"]}]},{"@type":"BreadcrumbList","@id":"https:\/\/mertener-schlossgespenster.de\/?page_id=180#breadcrumb","itemListElement":[{"@type":"ListItem","position":1,"name":"Startseite","item":"https:\/\/mertener-schlossgespenster.de\/"},{"@type":"ListItem","position":2,"name":"Bildungsdokumentation- Portfolio"}]},{"@type":"WebSite","@id":"https:\/\/mertener-schlossgespenster.de\/#website","url":"https:\/\/mertener-schlossgespenster.de\/","name":"Mertener Schlossgespenster","description":"","publisher":{"@id":"https:\/\/mertener-schlossgespenster.de\/#organization"},"potentialAction":[{"@type":"SearchAction","target":{"@type":"EntryPoint","urlTemplate":"https:\/\/mertener-schlossgespenster.de\/?s={search_term_string}"},"query-input":{"@type":"PropertyValueSpecification","valueRequired":true,"valueName":"search_term_string"}}],"inLanguage":"de"},{"@type":"Organization","@id":"https:\/\/mertener-schlossgespenster.de\/#organization","name":"Mertener Schlossgespenster","url":"https:\/\/mertener-schlossgespenster.de\/","logo":{"@type":"ImageObject","inLanguage":"de","@id":"https:\/\/mertener-schlossgespenster.de\/#\/schema\/logo\/image\/","url":"https:\/\/mertener-schlossgespenster.de\/wp-content\/uploads\/2023\/08\/cropped-Logo-Klein-m-1.png","contentUrl":"https:\/\/mertener-schlossgespenster.de\/wp-content\/uploads\/2023\/08\/cropped-Logo-Klein-m-1.png","width":512,"height":512,"caption":"Mertener Schlossgespenster"},"image":{"@id":"https:\/\/mertener-schlossgespenster.de\/#\/schema\/logo\/image\/"}}]}},"_links":{"self":[{"href":"https:\/\/mertener-schlossgespenster.de\/index.php?rest_route=\/wp\/v2\/pages\/180","targetHints":{"allow":["GET"]}}],"collection":[{"href":"https:\/\/mertener-schlossgespenster.de\/index.php?rest_route=\/wp\/v2\/pages"}],"about":[{"href":"https:\/\/mertener-schlossgespenster.de\/index.php?rest_route=\/wp\/v2\/types\/page"}],"author":[{"embeddable":true,"href":"https:\/\/mertener-schlossgespenster.de\/index.php?rest_route=\/wp\/v2\/users\/2"}],"replies":[{"embeddable":true,"href":"https:\/\/mertener-schlossgespenster.de\/index.php?rest_route=%2Fwp%2Fv2%2Fcomments&post=180"}],"version-history":[{"count":2,"href":"https:\/\/mertener-schlossgespenster.de\/index.php?rest_route=\/wp\/v2\/pages\/180\/revisions"}],"predecessor-version":[{"id":1682,"href":"https:\/\/mertener-schlossgespenster.de\/index.php?rest_route=\/wp\/v2\/pages\/180\/revisions\/1682"}],"wp:attachment":[{"href":"https:\/\/mertener-schlossgespenster.de\/index.php?rest_route=%2Fwp%2Fv2%2Fmedia&parent=180"}],"curies":[{"name":"wp","href":"https:\/\/api.w.org\/{rel}","templated":true}]}}