{"id":147,"date":"2023-06-12T11:32:15","date_gmt":"2023-06-12T09:32:15","guid":{"rendered":"http:\/\/mertener-schlossgespenster.de\/?page_id=147"},"modified":"2026-03-09T09:41:44","modified_gmt":"2026-03-09T08:41:44","slug":"vorschulkinderarbeit","status":"publish","type":"page","link":"https:\/\/mertener-schlossgespenster.de\/?page_id=147","title":{"rendered":"Vorschulkinderarbeit"},"content":{"rendered":"<div\n\t\t\t\n\t\t\tclass=\"so-widget-sow-hero so-widget-sow-hero-default-5e2cd5026a7c so-widget-fittext-wrapper\"\n\t\t\t data-fit-text-compressor=\"0.85\"\n\t\t>\t\t\t\t<div class=\"sow-slider-base\" style=\"display: none\" tabindex=\"0\">\n\t\t\t\t\t<ul\n\t\t\t\t\tclass=\"sow-slider-images\"\n\t\t\t\t\tdata-settings=\"{&quot;pagination&quot;:true,&quot;speed&quot;:800,&quot;timeout&quot;:8000,&quot;paused&quot;:false,&quot;pause_on_hover&quot;:false,&quot;swipe&quot;:true,&quot;nav_always_show_desktop&quot;:&quot;&quot;,&quot;nav_always_show_mobile&quot;:&quot;&quot;,&quot;breakpoint&quot;:&quot;780px&quot;,&quot;unmute&quot;:false,&quot;anchor&quot;:null}\"\n\t\t\t\t\tstyle=\"min-height: 400px\"\t\t\t\t\tdata-anchor-id=\"\"\n\t\t\t\t>\t\t<li class=\"sow-slider-image  sow-slider-image-cover\" style=\"visibility: visible;;background-color: #333333;background-image: url(https:\/\/mertener-schlossgespenster.de\/wp-content\/uploads\/2023\/06\/IMG_8696-rotated-e1693514000689.jpg)\" >\n\t\t\t\t\t<div class=\"sow-slider-image-container\">\n\t\t\t<div class=\"sow-slider-image-wrapper\">\n\t\t\t\t\t\t\t<\/div>\n\t\t<\/div>\n\t\t\t\t<\/li>\n\t\t\t\t<li class=\"sow-slider-image  sow-slider-image-cover\" style=\"visibility: hidden;;background-color: #333333\" data-background=\"url(https:\/\/mertener-schlossgespenster.de\/wp-content\/uploads\/2023\/06\/IMG_8776-rotated-e1693514069635.jpg)\" >\n\t\t\t\t\t<div class=\"sow-slider-image-container\">\n\t\t\t<div class=\"sow-slider-image-wrapper\">\n\t\t\t\t\t\t\t<\/div>\n\t\t<\/div>\n\t\t\t\t<\/li>\n\t\t\t\t<li class=\"sow-slider-image  sow-slider-image-cover\" style=\"visibility: hidden;;background-color: #333333\" data-background=\"url(https:\/\/mertener-schlossgespenster.de\/wp-content\/uploads\/2023\/06\/IMG_5517-rotated-e1693514143240.jpg)\" >\n\t\t\t\t\t<div class=\"sow-slider-image-container\">\n\t\t\t<div class=\"sow-slider-image-wrapper\">\n\t\t\t\t\t\t\t<\/div>\n\t\t<\/div>\n\t\t\t\t<\/li>\n\t\t\t\t<li class=\"sow-slider-image  sow-slider-image-cover\" style=\"visibility: hidden;;background-color: #333333\" data-background=\"url(https:\/\/mertener-schlossgespenster.de\/wp-content\/uploads\/2023\/06\/IMG_8677-e1693514209906.jpg)\" >\n\t\t\t\t\t<div class=\"sow-slider-image-container\">\n\t\t\t<div class=\"sow-slider-image-wrapper\">\n\t\t\t\t\t\t\t<\/div>\n\t\t<\/div>\n\t\t\t\t<\/li>\n\t\t\t\t<li class=\"sow-slider-image  sow-slider-image-cover\" style=\"visibility: hidden;;background-color: #333333\" data-background=\"url(https:\/\/mertener-schlossgespenster.de\/wp-content\/uploads\/2023\/06\/IMG_7102-e1693514291146.jpg)\" >\n\t\t\t\t\t<div class=\"sow-slider-image-container\">\n\t\t\t<div class=\"sow-slider-image-wrapper\">\n\t\t\t\t\t\t\t<\/div>\n\t\t<\/div>\n\t\t\t\t<\/li>\n\t\t\t\t<li class=\"sow-slider-image  sow-slider-image-cover\" style=\"visibility: hidden;;background-color: #333333\" data-background=\"url(https:\/\/mertener-schlossgespenster.de\/wp-content\/uploads\/2023\/06\/DSC_0090-scaled.jpg)\" >\n\t\t\t\t\t<div class=\"sow-slider-image-container\">\n\t\t\t<div class=\"sow-slider-image-wrapper\">\n\t\t\t\t\t\t\t<\/div>\n\t\t<\/div>\n\t\t\t\t<\/li>\n\t\t\t\t<li class=\"sow-slider-image  sow-slider-image-cover\" style=\"visibility: hidden;;background-color: #333333\" data-background=\"url(https:\/\/mertener-schlossgespenster.de\/wp-content\/uploads\/2023\/06\/IMG_5522-e1693514384522.jpg)\" >\n\t\t\t\t\t<div class=\"sow-slider-image-container\">\n\t\t\t<div class=\"sow-slider-image-wrapper\">\n\t\t\t\t\t\t\t<\/div>\n\t\t<\/div>\n\t\t\t\t<\/li>\n\t\t\t\t<li class=\"sow-slider-image  sow-slider-image-cover\" style=\"visibility: hidden;;background-color: #333333\" data-background=\"url(https:\/\/mertener-schlossgespenster.de\/wp-content\/uploads\/2023\/06\/DSC_0072-scaled-e1693514469486.jpg)\" >\n\t\t\t\t\t<div class=\"sow-slider-image-container\">\n\t\t\t<div class=\"sow-slider-image-wrapper\">\n\t\t\t\t\t\t\t<\/div>\n\t\t<\/div>\n\t\t\t\t<\/li>\n\t\t<\/ul>\t\t\t\t<ol class=\"sow-slider-pagination\">\n\t\t\t\t\t\t\t\t\t\t\t<li><a href=\"#\" data-goto=\"0\" aria-label=\"Display slide 1\"><\/a><\/li>\n\t\t\t\t\t\t\t\t\t\t\t<li><a href=\"#\" data-goto=\"1\" aria-label=\"Display slide 2\"><\/a><\/li>\n\t\t\t\t\t\t\t\t\t\t\t<li><a href=\"#\" data-goto=\"2\" aria-label=\"Display slide 3\"><\/a><\/li>\n\t\t\t\t\t\t\t\t\t\t\t<li><a href=\"#\" data-goto=\"3\" aria-label=\"Display slide 4\"><\/a><\/li>\n\t\t\t\t\t\t\t\t\t\t\t<li><a href=\"#\" data-goto=\"4\" aria-label=\"Display slide 5\"><\/a><\/li>\n\t\t\t\t\t\t\t\t\t\t\t<li><a href=\"#\" data-goto=\"5\" aria-label=\"Display slide 6\"><\/a><\/li>\n\t\t\t\t\t\t\t\t\t\t\t<li><a href=\"#\" data-goto=\"6\" aria-label=\"Display slide 7\"><\/a><\/li>\n\t\t\t\t\t\t\t\t\t\t\t<li><a href=\"#\" data-goto=\"7\" aria-label=\"Display slide 8\"><\/a><\/li>\n\t\t\t\t\t\t\t\t\t<\/ol>\n\n\t\t\t\t<div class=\"sow-slide-nav sow-slide-nav-next\">\n\t\t\t\t\t<a href=\"#\" data-goto=\"next\" aria-label=\"Next slide\" data-action=\"next\">\n\t\t\t\t\t\t<em class=\"sow-sld-icon-thin-right\"><\/em>\n\t\t\t\t\t<\/a>\n\t\t\t\t<\/div>\n\n\t\t\t\t<div class=\"sow-slide-nav sow-slide-nav-prev\">\n\t\t\t\t\t<a href=\"#\" data-goto=\"previous\" aria-label=\"Previous slide\" data-action=\"prev\">\n\t\t\t\t\t\t<em class=\"sow-sld-icon-thin-left\"><\/em>\n\t\t\t\t\t<\/a>\n\t\t\t\t<\/div>\n\t\t\t\t<\/div><\/div>\n\n\n<p><\/p>\n\n\n<h2 class=\"wp-block-post-title\">Vorschulkinderarbeit<\/h2>\n\n\n<p>Der \u00dcbergang vom Kindergarten in die Schule stellt f\u00fcr die Kinder einen bedeutenden Meilenstein in ihrer Entwicklung dar.<\/p>\n\n\n\n<p>Zuvor erklimmen sie allerdings die Vorstufe dieses \u00dcbergangs und werden \u201eVorschulkinder\u201c, wenn sie ihr letztes Kindergartenjahr beginnen.<\/p>\n\n\n\n<p>Uns liegt es am Herzen, den Kindern&nbsp; f\u00fcr ihre Vorschulzeit eine besondere Begleitung zu geben.<\/p>\n\n\n\n<p>Deshalb stellen wir den Kindern jedes Jahr ein festes Team, bestehend aus zwei Erzieher\/innen an die Seite. Dieses Team begleitet die Gruppe das ganze Jahr \u00fcber.<\/p>\n\n\n\n<p>Unsere Vorschularbeit beginnt damit, dass sich die Kinder zu Beginn ihres letzten Jahres gemeinsam mit dem Erzieherteam einen Namen f\u00fcr ihre Vorschulgruppe \u00fcberlegen, den sie das Jahr \u00fcber als Gruppe tragen. (z.B. schlaue W\u00f6lfe, Fuchsbande).<\/p>\n\n\n\n<p>Zur Unterst\u00fctzung dieser Gruppenidentifikation wird ein Accessoire passend zum Namen gestaltet, worauf die Kinder meist sehr stolz sind und es \u00fcber die gesamte Vorschulzeit verwenden. (z.B. Wolfsmaske).<\/p>\n\n\n\n<p>Die Kinder haben Zugang zum Vorschulkinderschrank, in dem sich altersentsprechende Regelspiele und Materialien befinden, die gerne eigenst\u00e4ndig genutzt werden. F\u00fcr das erste Buchstabeninteresse liegen von allen Kindern der Gruppe Namenskarten bereit, die oft zum ersten \u201eAbmalen\u201c dienen.<\/p>\n\n\n\n<p>Im ersten halben Jahr finden die gemeinsamen Vorschultreffen in gr\u00f6\u00dferen Abst\u00e4nden statt.<\/p>\n\n\n\n<p>In dieser Zeit schauen wir, welche Bed\u00fcrfnisse es in der Gruppe gibt. Wir versuchen vorhandene F\u00e4higkeiten der Kinder auszuloten, um dann gezielt Lernsituationen zu schaffen, die den Kindern positive Entwicklungsm\u00f6glichkeiten f\u00fcr einen guten Schulstart bieten.&nbsp; Ob es Angebote sind, bei denen Konzentration und Ausdauer gefragt sind, Zahlen oder Sprachspiele, Sachthemen zu K\u00f6rper, Tieren oder k\u00fcnstlerisches, zum Beispiel den eigenen Namen zu gestalten &#8211; immer steht absolut die Lernfreude im Vordergrund. Die Kinder sollen stolz auf ihre F\u00e4higkeiten und Fertigkeiten sein und ihr Selbstvertrauen st\u00e4rken.<\/p>\n\n\n\n<p>Zus\u00e4tzlich zu den gemeinsamen Treffen wartet im Herbst noch eine besondere Aufgabe auf die Vorschulkinder. Sie \u00fcben die Sankt Martinsgeschichte ein und spielen diese nach dem Sankt Martinszug allen Zugbeteiligten vor.<\/p>\n\n\n\n<p>Ebenso zeigen sie ihr schauspielerisches Talent noch einmal den \u201eSchlossbewohnern\u201c der Senioreneinrichtung, mit denen wir regelm\u00e4\u00dfig im Austausch sind.<\/p>\n\n\n\n<p>Auch beim Luciafest im Dezember d\u00fcrfen sie die Lucia und die Sternenkinder darstellen.<\/p>\n\n\n\n<p>Im letzten Halbjahr vor dem \u00dcbergang in die Schule wird die Schulkinderarbeit nochmal intensiver. Die Treffen der Vorschulkindergruppe finden in k\u00fcrzeren Abst\u00e4nden statt.<\/p>\n\n\n\n<p>Dabei werden Themen, Ausflugs- und Projektideen, die an den W\u00fcnschen und Interessen der Kinder orientiert sind, gemeinsam entwickelt und umgesetzt. Zum Beispiel waren wir bisher im Theater, in der Vogelauffangstation, in der Zirkusschule, auf dem Bienenlehrpfad oder bei der rollenden Waldschule, auf dem Bauernhof&nbsp; und an anderen spannenden Orten, die die Kinder sich gemeinsam mit uns \u00fcberlegt haben.&nbsp;<\/p>\n\n\n\n<p>Dar\u00fcber hinaus haben wir j\u00e4hrlich feste Ausflugsziele wie z.B. ein Besuch bei der Feuerwehr und der Polizei, sowie ein Vormittag Verkehrserziehung. Auch unsere Musik-Eva gestaltet oft f\u00fcr und mit den Vorschulkindern eine tolle, musikalische Projektwoche.<\/p>\n\n\n\n<p>Die Schulkinderabschiedswoche mit Ausfl\u00fcgen, gemeinsamen Aktionen und einer liebevoll gestalteten Abschlussfeier bildet den H\u00f6hepunkt im letzten Kindergartenjahr.<\/p>\n\n\n\n<p>Dazu z\u00e4hlt auch ein Ausflug an die Sieg. Hier bauen die Kinder aus Naturmaterialien kleine Boote mit Segeln aus Bl\u00e4ttern. Auf diese schreiben wir die W\u00fcnsche der Vorschulkinder, die sie sich f\u00fcr den neuen Weg in die Schule \u00fcberlegt haben. Dann werden die Boote mit den W\u00fcnschen zu Wasser gelassen und auf Reisen geschickt, damit sie in Erf\u00fcllung gehen.<\/p>\n\n\n\n<p>An der gemeinsamen Abschiedsfeier mit den Eltern bekommt jedes Vorschulkind ein dick gef\u00fclltes Fotobuch \u00fcber die ganze Kindergartenzeit und ein individuell gestaltetes Kuschelkissen als Erinnerung an die Mertener Schlossgespenster.<\/p>\n","protected":false},"excerpt":{"rendered":"<p>Der \u00dcbergang vom Kindergarten in die Schule stellt f\u00fcr die Kinder einen bedeutenden Meilenstein in ihrer Entwicklung dar. Zuvor erklimmen sie allerdings die Vorstufe dieses \u00dcbergangs und werden \u201eVorschulkinder\u201c, wenn sie ihr letztes Kindergartenjahr beginnen. Uns liegt es am Herzen, den Kindern&nbsp; f\u00fcr ihre Vorschulzeit eine besondere Begleitung zu geben. Deshalb stellen wir den Kindern &#8230; <a title=\"Vorschulkinderarbeit\" class=\"read-more\" href=\"https:\/\/mertener-schlossgespenster.de\/?page_id=147\" aria-label=\"Mehr Informationen \u00fcber Vorschulkinderarbeit\">Weiterlesen<\/a><\/p>\n","protected":false},"author":2,"featured_media":0,"parent":0,"menu_order":10,"comment_status":"closed","ping_status":"closed","template":"","meta":{"footnotes":""},"class_list":["post-147","page","type-page","status-publish"],"yoast_head":"<!-- This site is optimized with the Yoast SEO plugin v27.1.1 - https:\/\/yoast.com\/product\/yoast-seo-wordpress\/ -->\n<title>Vorschulkinderarbeit - Mertener Schlossgespenster<\/title>\n<meta name=\"robots\" content=\"noindex, follow\" \/>\n<script type=\"application\/ld+json\" class=\"yoast-schema-graph\">{\"@context\":\"https:\/\/schema.org\",\"@graph\":[{\"@type\":\"WebPage\",\"@id\":\"https:\/\/mertener-schlossgespenster.de\/?page_id=147\",\"url\":\"https:\/\/mertener-schlossgespenster.de\/?page_id=147\",\"name\":\"Vorschulkinderarbeit - Mertener Schlossgespenster\",\"isPartOf\":{\"@id\":\"https:\/\/mertener-schlossgespenster.de\/#website\"},\"datePublished\":\"2023-06-12T09:32:15+00:00\",\"dateModified\":\"2026-03-09T08:41:44+00:00\",\"breadcrumb\":{\"@id\":\"https:\/\/mertener-schlossgespenster.de\/?page_id=147#breadcrumb\"},\"inLanguage\":\"de\",\"potentialAction\":[{\"@type\":\"ReadAction\",\"target\":[\"https:\/\/mertener-schlossgespenster.de\/?page_id=147\"]}]},{\"@type\":\"BreadcrumbList\",\"@id\":\"https:\/\/mertener-schlossgespenster.de\/?page_id=147#breadcrumb\",\"itemListElement\":[{\"@type\":\"ListItem\",\"position\":1,\"name\":\"Startseite\",\"item\":\"https:\/\/mertener-schlossgespenster.de\/\"},{\"@type\":\"ListItem\",\"position\":2,\"name\":\"Vorschulkinderarbeit\"}]},{\"@type\":\"WebSite\",\"@id\":\"https:\/\/mertener-schlossgespenster.de\/#website\",\"url\":\"https:\/\/mertener-schlossgespenster.de\/\",\"name\":\"Mertener Schlossgespenster\",\"description\":\"\",\"publisher\":{\"@id\":\"https:\/\/mertener-schlossgespenster.de\/#organization\"},\"potentialAction\":[{\"@type\":\"SearchAction\",\"target\":{\"@type\":\"EntryPoint\",\"urlTemplate\":\"https:\/\/mertener-schlossgespenster.de\/?s={search_term_string}\"},\"query-input\":{\"@type\":\"PropertyValueSpecification\",\"valueRequired\":true,\"valueName\":\"search_term_string\"}}],\"inLanguage\":\"de\"},{\"@type\":\"Organization\",\"@id\":\"https:\/\/mertener-schlossgespenster.de\/#organization\",\"name\":\"Mertener Schlossgespenster\",\"url\":\"https:\/\/mertener-schlossgespenster.de\/\",\"logo\":{\"@type\":\"ImageObject\",\"inLanguage\":\"de\",\"@id\":\"https:\/\/mertener-schlossgespenster.de\/#\/schema\/logo\/image\/\",\"url\":\"https:\/\/mertener-schlossgespenster.de\/wp-content\/uploads\/2023\/08\/cropped-Logo-Klein-m-1.png\",\"contentUrl\":\"https:\/\/mertener-schlossgespenster.de\/wp-content\/uploads\/2023\/08\/cropped-Logo-Klein-m-1.png\",\"width\":512,\"height\":512,\"caption\":\"Mertener Schlossgespenster\"},\"image\":{\"@id\":\"https:\/\/mertener-schlossgespenster.de\/#\/schema\/logo\/image\/\"}}]}<\/script>\n<!-- \/ Yoast SEO plugin. -->","yoast_head_json":{"title":"Vorschulkinderarbeit - Mertener Schlossgespenster","robots":{"index":"noindex","follow":"follow"},"schema":{"@context":"https:\/\/schema.org","@graph":[{"@type":"WebPage","@id":"https:\/\/mertener-schlossgespenster.de\/?page_id=147","url":"https:\/\/mertener-schlossgespenster.de\/?page_id=147","name":"Vorschulkinderarbeit - Mertener Schlossgespenster","isPartOf":{"@id":"https:\/\/mertener-schlossgespenster.de\/#website"},"datePublished":"2023-06-12T09:32:15+00:00","dateModified":"2026-03-09T08:41:44+00:00","breadcrumb":{"@id":"https:\/\/mertener-schlossgespenster.de\/?page_id=147#breadcrumb"},"inLanguage":"de","potentialAction":[{"@type":"ReadAction","target":["https:\/\/mertener-schlossgespenster.de\/?page_id=147"]}]},{"@type":"BreadcrumbList","@id":"https:\/\/mertener-schlossgespenster.de\/?page_id=147#breadcrumb","itemListElement":[{"@type":"ListItem","position":1,"name":"Startseite","item":"https:\/\/mertener-schlossgespenster.de\/"},{"@type":"ListItem","position":2,"name":"Vorschulkinderarbeit"}]},{"@type":"WebSite","@id":"https:\/\/mertener-schlossgespenster.de\/#website","url":"https:\/\/mertener-schlossgespenster.de\/","name":"Mertener Schlossgespenster","description":"","publisher":{"@id":"https:\/\/mertener-schlossgespenster.de\/#organization"},"potentialAction":[{"@type":"SearchAction","target":{"@type":"EntryPoint","urlTemplate":"https:\/\/mertener-schlossgespenster.de\/?s={search_term_string}"},"query-input":{"@type":"PropertyValueSpecification","valueRequired":true,"valueName":"search_term_string"}}],"inLanguage":"de"},{"@type":"Organization","@id":"https:\/\/mertener-schlossgespenster.de\/#organization","name":"Mertener Schlossgespenster","url":"https:\/\/mertener-schlossgespenster.de\/","logo":{"@type":"ImageObject","inLanguage":"de","@id":"https:\/\/mertener-schlossgespenster.de\/#\/schema\/logo\/image\/","url":"https:\/\/mertener-schlossgespenster.de\/wp-content\/uploads\/2023\/08\/cropped-Logo-Klein-m-1.png","contentUrl":"https:\/\/mertener-schlossgespenster.de\/wp-content\/uploads\/2023\/08\/cropped-Logo-Klein-m-1.png","width":512,"height":512,"caption":"Mertener Schlossgespenster"},"image":{"@id":"https:\/\/mertener-schlossgespenster.de\/#\/schema\/logo\/image\/"}}]}},"_links":{"self":[{"href":"https:\/\/mertener-schlossgespenster.de\/index.php?rest_route=\/wp\/v2\/pages\/147","targetHints":{"allow":["GET"]}}],"collection":[{"href":"https:\/\/mertener-schlossgespenster.de\/index.php?rest_route=\/wp\/v2\/pages"}],"about":[{"href":"https:\/\/mertener-schlossgespenster.de\/index.php?rest_route=\/wp\/v2\/types\/page"}],"author":[{"embeddable":true,"href":"https:\/\/mertener-schlossgespenster.de\/index.php?rest_route=\/wp\/v2\/users\/2"}],"replies":[{"embeddable":true,"href":"https:\/\/mertener-schlossgespenster.de\/index.php?rest_route=%2Fwp%2Fv2%2Fcomments&post=147"}],"version-history":[{"count":2,"href":"https:\/\/mertener-schlossgespenster.de\/index.php?rest_route=\/wp\/v2\/pages\/147\/revisions"}],"predecessor-version":[{"id":1683,"href":"https:\/\/mertener-schlossgespenster.de\/index.php?rest_route=\/wp\/v2\/pages\/147\/revisions\/1683"}],"wp:attachment":[{"href":"https:\/\/mertener-schlossgespenster.de\/index.php?rest_route=%2Fwp%2Fv2%2Fmedia&parent=147"}],"curies":[{"name":"wp","href":"https:\/\/api.w.org\/{rel}","templated":true}]}}