{"id":14,"date":"2023-05-13T15:42:51","date_gmt":"2023-05-13T13:42:51","guid":{"rendered":"http:\/\/mertener-schlossgespenster.de\/?page_id=14"},"modified":"2026-03-09T09:32:04","modified_gmt":"2026-03-09T08:32:04","slug":"elterninitiative","status":"publish","type":"page","link":"https:\/\/mertener-schlossgespenster.de\/?page_id=14","title":{"rendered":"Elterninitiative"},"content":{"rendered":"<div\n\t\t\t\n\t\t\tclass=\"so-widget-sow-hero so-widget-sow-hero-default-5e2cd5026a7c so-widget-fittext-wrapper\"\n\t\t\t data-fit-text-compressor=\"0.85\"\n\t\t>\t\t\t\t<div class=\"sow-slider-base\" style=\"display: none\" tabindex=\"0\">\n\t\t\t\t\t<ul\n\t\t\t\t\tclass=\"sow-slider-images\"\n\t\t\t\t\tdata-settings=\"{&quot;pagination&quot;:true,&quot;speed&quot;:800,&quot;timeout&quot;:8000,&quot;paused&quot;:false,&quot;pause_on_hover&quot;:false,&quot;swipe&quot;:true,&quot;nav_always_show_desktop&quot;:&quot;&quot;,&quot;nav_always_show_mobile&quot;:&quot;&quot;,&quot;breakpoint&quot;:&quot;780px&quot;,&quot;unmute&quot;:false,&quot;anchor&quot;:null}\"\n\t\t\t\t\tstyle=\"min-height: 400px\"\t\t\t\t\tdata-anchor-id=\"\"\n\t\t\t\t>\t\t<li class=\"sow-slider-image  sow-slider-image-cover\" style=\"visibility: visible;;background-color: #333333;background-image: url(https:\/\/mertener-schlossgespenster.de\/wp-content\/uploads\/2023\/07\/grafik-1.png)\" >\n\t\t\t\t\t<div class=\"sow-slider-image-container\">\n\t\t\t<div class=\"sow-slider-image-wrapper\">\n\t\t\t\t\t\t\t<\/div>\n\t\t<\/div>\n\t\t\t\t<\/li>\n\t\t<\/ul>\t\t\t\t<ol class=\"sow-slider-pagination\">\n\t\t\t\t\t\t\t\t\t\t\t<li><a href=\"#\" data-goto=\"0\" aria-label=\"Display slide 1\"><\/a><\/li>\n\t\t\t\t\t\t\t\t\t<\/ol>\n\n\t\t\t\t<div class=\"sow-slide-nav sow-slide-nav-next\">\n\t\t\t\t\t<a href=\"#\" data-goto=\"next\" aria-label=\"Next slide\" data-action=\"next\">\n\t\t\t\t\t\t<em class=\"sow-sld-icon-thin-right\"><\/em>\n\t\t\t\t\t<\/a>\n\t\t\t\t<\/div>\n\n\t\t\t\t<div class=\"sow-slide-nav sow-slide-nav-prev\">\n\t\t\t\t\t<a href=\"#\" data-goto=\"previous\" aria-label=\"Previous slide\" data-action=\"prev\">\n\t\t\t\t\t\t<em class=\"sow-sld-icon-thin-left\"><\/em>\n\t\t\t\t\t<\/a>\n\t\t\t\t<\/div>\n\t\t\t\t<\/div><\/div>\n\n<h2 class=\"wp-block-post-title\">Elterninitiative<\/h2>\n\n\n<p>Der Kindergarten Mertener Schlossgespenster e.V. ist eine Elterninitiative und wurde 1993 gegr\u00fcndet.<\/p>\n\n\n\n<p><strong>Aber was bedeutet Elterninitiative eigentlich?<\/strong><br><br>Die meisten Elterninitiativen sind eingetragene Vereine, die als Tr\u00e4ger der Kindertagesst\u00e4tte t\u00e4tig sind. Das hei\u00dft die Eltern, federf\u00fchrend der Vorstand, verwalten den Verein und haben so gro\u00dfen Einfluss auf alle Belange und Entwicklungen des Vereins.<br><br>Als eingetragener Verein erheben wir pro Familie einen Mitgliedsbeitrag pro Monat, wor\u00fcber man eine Spendenquittung erh\u00e4lt. Der Mitgliedsbeitrag betr\u00e4gt derzeit 50\u20ac pro Monat und Familie, davon ist unabh\u00e4ngig, wie viele Kinder der Familie die Einrichtung besuchen.<br><br>In einer Elterninitiative ist eine engagierte und aktive Mitarbeit der Elternschaft Voraussetzung und unabdingbar. Pro Familie m\u00fcssen mindestens 15 (ab dem zweiten Kind 18) Arbeitsstunden pro Jahr geleistet werden. Sie k\u00f6nnen zum Beispiel \u00fcber Gartenarbeiten, Reparaturarbeiten, Kochdienste, Arbeitsstunden bei Festen und Mitarbeit im Vorstand geleistet werden.<br><br>Durch jede Arbeit, die von den Eltern durchgef\u00fchrt werden kann, spart der Kindergarten Kosten f\u00fcr Handwerker und andere Dienstleister.<br><br>Gleichzeitig kommt man miteinander ins Gespr\u00e4ch, nimmt aktiv am Geschehen teil und kann mitgestalten.<br><br>Als Gremien gibt es den Vorstand und den Elternbeirat.<\/p>\n\n\n\n<p><strong><u>Vorstand<\/u><\/strong><\/p>\n\n\n\n<p>Der Verein als Tr\u00e4gerorganisation des Kindergartens, dem die Eltern der Kinder immer beitreten, wird durch den Vorstand vertreten. Dieser f\u00fchrt u. a. die laufenden Gesch\u00e4fte des Vereins. Die Besonderheit der Elterninitiative spiegelt sich auch darin wieder, dass alle beigetretenen Eltern die Tr\u00e4gerschaft bilden. Die Vorstandsmitglieder werden von der Mitgliederversammlung auf 2 Jahre gew\u00e4hlt.<\/p>\n\n\n\n<p><strong><u>Elternbeirat<\/u><\/strong><\/p>\n\n\n\n<p>Der Elternbeirat hat die Aufgabe, die Erziehungsarbeit im Kindergarten zu unterst\u00fctzen und die Zusammenarbeit zwischen Kindergarten, Elternhaus und Vorstand zu f\u00f6rdern. Er k\u00fcmmert sich auch um die Organisation von Festen und Geschenken. Die Mitglieder werden jeweils f\u00fcr ein Jahr gew\u00e4hlt.<\/p>\n","protected":false},"excerpt":{"rendered":"<p>Der Kindergarten Mertener Schlossgespenster e.V. ist eine Elterninitiative und wurde 1993 gegr\u00fcndet. Aber was bedeutet Elterninitiative eigentlich? Die meisten Elterninitiativen sind eingetragene Vereine, die als Tr\u00e4ger der Kindertagesst\u00e4tte t\u00e4tig sind. Das hei\u00dft die Eltern, federf\u00fchrend der Vorstand, verwalten den Verein und haben so gro\u00dfen Einfluss auf alle Belange und Entwicklungen des Vereins. Als eingetragener Verein &#8230; <a title=\"Elterninitiative\" class=\"read-more\" href=\"https:\/\/mertener-schlossgespenster.de\/?page_id=14\" aria-label=\"Mehr Informationen \u00fcber Elterninitiative\">Weiterlesen<\/a><\/p>\n","protected":false},"author":1,"featured_media":0,"parent":0,"menu_order":3,"comment_status":"closed","ping_status":"closed","template":"","meta":{"footnotes":""},"class_list":["post-14","page","type-page","status-publish"],"yoast_head":"<!-- This site is optimized with the Yoast SEO plugin v27.1.1 - https:\/\/yoast.com\/product\/yoast-seo-wordpress\/ -->\n<title>Elterninitiative - Mertener Schlossgespenster<\/title>\n<meta name=\"robots\" content=\"noindex, nofollow\" \/>\n<script type=\"application\/ld+json\" class=\"yoast-schema-graph\">{\"@context\":\"https:\/\/schema.org\",\"@graph\":[{\"@type\":\"WebPage\",\"@id\":\"https:\/\/mertener-schlossgespenster.de\/?page_id=14\",\"url\":\"https:\/\/mertener-schlossgespenster.de\/?page_id=14\",\"name\":\"Elterninitiative - Mertener Schlossgespenster\",\"isPartOf\":{\"@id\":\"https:\/\/mertener-schlossgespenster.de\/#website\"},\"datePublished\":\"2023-05-13T13:42:51+00:00\",\"dateModified\":\"2026-03-09T08:32:04+00:00\",\"breadcrumb\":{\"@id\":\"https:\/\/mertener-schlossgespenster.de\/?page_id=14#breadcrumb\"},\"inLanguage\":\"de\",\"potentialAction\":[{\"@type\":\"ReadAction\",\"target\":[\"https:\/\/mertener-schlossgespenster.de\/?page_id=14\"]}]},{\"@type\":\"BreadcrumbList\",\"@id\":\"https:\/\/mertener-schlossgespenster.de\/?page_id=14#breadcrumb\",\"itemListElement\":[{\"@type\":\"ListItem\",\"position\":1,\"name\":\"Startseite\",\"item\":\"https:\/\/mertener-schlossgespenster.de\/\"},{\"@type\":\"ListItem\",\"position\":2,\"name\":\"Elterninitiative\"}]},{\"@type\":\"WebSite\",\"@id\":\"https:\/\/mertener-schlossgespenster.de\/#website\",\"url\":\"https:\/\/mertener-schlossgespenster.de\/\",\"name\":\"Mertener Schlossgespenster\",\"description\":\"\",\"publisher\":{\"@id\":\"https:\/\/mertener-schlossgespenster.de\/#organization\"},\"potentialAction\":[{\"@type\":\"SearchAction\",\"target\":{\"@type\":\"EntryPoint\",\"urlTemplate\":\"https:\/\/mertener-schlossgespenster.de\/?s={search_term_string}\"},\"query-input\":{\"@type\":\"PropertyValueSpecification\",\"valueRequired\":true,\"valueName\":\"search_term_string\"}}],\"inLanguage\":\"de\"},{\"@type\":\"Organization\",\"@id\":\"https:\/\/mertener-schlossgespenster.de\/#organization\",\"name\":\"Mertener Schlossgespenster\",\"url\":\"https:\/\/mertener-schlossgespenster.de\/\",\"logo\":{\"@type\":\"ImageObject\",\"inLanguage\":\"de\",\"@id\":\"https:\/\/mertener-schlossgespenster.de\/#\/schema\/logo\/image\/\",\"url\":\"https:\/\/mertener-schlossgespenster.de\/wp-content\/uploads\/2023\/08\/cropped-Logo-Klein-m-1.png\",\"contentUrl\":\"https:\/\/mertener-schlossgespenster.de\/wp-content\/uploads\/2023\/08\/cropped-Logo-Klein-m-1.png\",\"width\":512,\"height\":512,\"caption\":\"Mertener Schlossgespenster\"},\"image\":{\"@id\":\"https:\/\/mertener-schlossgespenster.de\/#\/schema\/logo\/image\/\"}}]}<\/script>\n<!-- \/ Yoast SEO plugin. -->","yoast_head_json":{"title":"Elterninitiative - Mertener Schlossgespenster","robots":{"index":"noindex","follow":"nofollow"},"schema":{"@context":"https:\/\/schema.org","@graph":[{"@type":"WebPage","@id":"https:\/\/mertener-schlossgespenster.de\/?page_id=14","url":"https:\/\/mertener-schlossgespenster.de\/?page_id=14","name":"Elterninitiative - Mertener Schlossgespenster","isPartOf":{"@id":"https:\/\/mertener-schlossgespenster.de\/#website"},"datePublished":"2023-05-13T13:42:51+00:00","dateModified":"2026-03-09T08:32:04+00:00","breadcrumb":{"@id":"https:\/\/mertener-schlossgespenster.de\/?page_id=14#breadcrumb"},"inLanguage":"de","potentialAction":[{"@type":"ReadAction","target":["https:\/\/mertener-schlossgespenster.de\/?page_id=14"]}]},{"@type":"BreadcrumbList","@id":"https:\/\/mertener-schlossgespenster.de\/?page_id=14#breadcrumb","itemListElement":[{"@type":"ListItem","position":1,"name":"Startseite","item":"https:\/\/mertener-schlossgespenster.de\/"},{"@type":"ListItem","position":2,"name":"Elterninitiative"}]},{"@type":"WebSite","@id":"https:\/\/mertener-schlossgespenster.de\/#website","url":"https:\/\/mertener-schlossgespenster.de\/","name":"Mertener Schlossgespenster","description":"","publisher":{"@id":"https:\/\/mertener-schlossgespenster.de\/#organization"},"potentialAction":[{"@type":"SearchAction","target":{"@type":"EntryPoint","urlTemplate":"https:\/\/mertener-schlossgespenster.de\/?s={search_term_string}"},"query-input":{"@type":"PropertyValueSpecification","valueRequired":true,"valueName":"search_term_string"}}],"inLanguage":"de"},{"@type":"Organization","@id":"https:\/\/mertener-schlossgespenster.de\/#organization","name":"Mertener Schlossgespenster","url":"https:\/\/mertener-schlossgespenster.de\/","logo":{"@type":"ImageObject","inLanguage":"de","@id":"https:\/\/mertener-schlossgespenster.de\/#\/schema\/logo\/image\/","url":"https:\/\/mertener-schlossgespenster.de\/wp-content\/uploads\/2023\/08\/cropped-Logo-Klein-m-1.png","contentUrl":"https:\/\/mertener-schlossgespenster.de\/wp-content\/uploads\/2023\/08\/cropped-Logo-Klein-m-1.png","width":512,"height":512,"caption":"Mertener Schlossgespenster"},"image":{"@id":"https:\/\/mertener-schlossgespenster.de\/#\/schema\/logo\/image\/"}}]}},"_links":{"self":[{"href":"https:\/\/mertener-schlossgespenster.de\/index.php?rest_route=\/wp\/v2\/pages\/14","targetHints":{"allow":["GET"]}}],"collection":[{"href":"https:\/\/mertener-schlossgespenster.de\/index.php?rest_route=\/wp\/v2\/pages"}],"about":[{"href":"https:\/\/mertener-schlossgespenster.de\/index.php?rest_route=\/wp\/v2\/types\/page"}],"author":[{"embeddable":true,"href":"https:\/\/mertener-schlossgespenster.de\/index.php?rest_route=\/wp\/v2\/users\/1"}],"replies":[{"embeddable":true,"href":"https:\/\/mertener-schlossgespenster.de\/index.php?rest_route=%2Fwp%2Fv2%2Fcomments&post=14"}],"version-history":[{"count":2,"href":"https:\/\/mertener-schlossgespenster.de\/index.php?rest_route=\/wp\/v2\/pages\/14\/revisions"}],"predecessor-version":[{"id":1672,"href":"https:\/\/mertener-schlossgespenster.de\/index.php?rest_route=\/wp\/v2\/pages\/14\/revisions\/1672"}],"wp:attachment":[{"href":"https:\/\/mertener-schlossgespenster.de\/index.php?rest_route=%2Fwp%2Fv2%2Fmedia&parent=14"}],"curies":[{"name":"wp","href":"https:\/\/api.w.org\/{rel}","templated":true}]}}