{"id":137,"date":"2023-06-12T11:22:07","date_gmt":"2023-06-12T09:22:07","guid":{"rendered":"http:\/\/mertener-schlossgespenster.de\/?page_id=137"},"modified":"2026-03-09T09:29:37","modified_gmt":"2026-03-09T08:29:37","slug":"bild-vom-kind","status":"publish","type":"page","link":"https:\/\/mertener-schlossgespenster.de\/?page_id=137","title":{"rendered":"Grundhaltung der Arbeit"},"content":{"rendered":"<div\n\t\t\t\n\t\t\tclass=\"so-widget-sow-hero so-widget-sow-hero-default-5e2cd5026a7c so-widget-fittext-wrapper\"\n\t\t\t data-fit-text-compressor=\"0.85\"\n\t\t>\t\t\t\t<div class=\"sow-slider-base\" style=\"display: none\" tabindex=\"0\">\n\t\t\t\t\t<ul\n\t\t\t\t\tclass=\"sow-slider-images\"\n\t\t\t\t\tdata-settings=\"{&quot;pagination&quot;:true,&quot;speed&quot;:800,&quot;timeout&quot;:8000,&quot;paused&quot;:false,&quot;pause_on_hover&quot;:false,&quot;swipe&quot;:true,&quot;nav_always_show_desktop&quot;:&quot;&quot;,&quot;nav_always_show_mobile&quot;:&quot;&quot;,&quot;breakpoint&quot;:&quot;780px&quot;,&quot;unmute&quot;:false,&quot;anchor&quot;:null}\"\n\t\t\t\t\tstyle=\"min-height: 400px\"\t\t\t\t\tdata-anchor-id=\"\"\n\t\t\t\t>\t\t<li class=\"sow-slider-image  sow-slider-image-cover\" style=\"visibility: visible;;background-color: #333333;background-image: url(https:\/\/mertener-schlossgespenster.de\/wp-content\/uploads\/2023\/06\/DSC_0554-scaled-e1693507871722.jpg)\" >\n\t\t\t\t\t<div class=\"sow-slider-image-container\">\n\t\t\t<div class=\"sow-slider-image-wrapper\">\n\t\t\t\t\t\t\t<\/div>\n\t\t<\/div>\n\t\t\t\t<\/li>\n\t\t\t\t<li class=\"sow-slider-image  sow-slider-image-cover\" style=\"visibility: hidden;;background-color: #333333\" data-background=\"url(https:\/\/mertener-schlossgespenster.de\/wp-content\/uploads\/2023\/06\/DSC_0225-scaled-e1693588343133.jpg)\" >\n\t\t\t\t\t<div class=\"sow-slider-image-container\">\n\t\t\t<div class=\"sow-slider-image-wrapper\">\n\t\t\t\t\t\t\t<\/div>\n\t\t<\/div>\n\t\t\t\t<\/li>\n\t\t\t\t<li class=\"sow-slider-image  sow-slider-image-cover\" style=\"visibility: hidden;;background-color: #333333\" data-background=\"url(https:\/\/mertener-schlossgespenster.de\/wp-content\/uploads\/2023\/06\/DSC_0022-scaled-e1693508105920.jpg)\" >\n\t\t\t\t\t<div class=\"sow-slider-image-container\">\n\t\t\t<div class=\"sow-slider-image-wrapper\">\n\t\t\t\t\t\t\t<\/div>\n\t\t<\/div>\n\t\t\t\t<\/li>\n\t\t\t\t<li class=\"sow-slider-image  sow-slider-image-cover\" style=\"visibility: hidden;;background-color: #333333\" data-background=\"url(https:\/\/mertener-schlossgespenster.de\/wp-content\/uploads\/2023\/08\/DSC_0053-scaled-e1693588445555.jpg)\" >\n\t\t\t\t\t<div class=\"sow-slider-image-container\">\n\t\t\t<div class=\"sow-slider-image-wrapper\">\n\t\t\t\t\t\t\t<\/div>\n\t\t<\/div>\n\t\t\t\t<\/li>\n\t\t\t\t<li class=\"sow-slider-image  sow-slider-image-cover\" style=\"visibility: hidden;;background-color: #333333\" data-background=\"url(https:\/\/mertener-schlossgespenster.de\/wp-content\/uploads\/2023\/08\/DSC_0277-scaled-e1693508378924.jpg)\" >\n\t\t\t\t\t<div class=\"sow-slider-image-container\">\n\t\t\t<div class=\"sow-slider-image-wrapper\">\n\t\t\t\t\t\t\t<\/div>\n\t\t<\/div>\n\t\t\t\t<\/li>\n\t\t<\/ul>\t\t\t\t<ol class=\"sow-slider-pagination\">\n\t\t\t\t\t\t\t\t\t\t\t<li><a href=\"#\" data-goto=\"0\" aria-label=\"Display slide 1\"><\/a><\/li>\n\t\t\t\t\t\t\t\t\t\t\t<li><a href=\"#\" data-goto=\"1\" aria-label=\"Display slide 2\"><\/a><\/li>\n\t\t\t\t\t\t\t\t\t\t\t<li><a href=\"#\" data-goto=\"2\" aria-label=\"Display slide 3\"><\/a><\/li>\n\t\t\t\t\t\t\t\t\t\t\t<li><a href=\"#\" data-goto=\"3\" aria-label=\"Display slide 4\"><\/a><\/li>\n\t\t\t\t\t\t\t\t\t\t\t<li><a href=\"#\" data-goto=\"4\" aria-label=\"Display slide 5\"><\/a><\/li>\n\t\t\t\t\t\t\t\t\t<\/ol>\n\n\t\t\t\t<div class=\"sow-slide-nav sow-slide-nav-next\">\n\t\t\t\t\t<a href=\"#\" data-goto=\"next\" aria-label=\"Next slide\" data-action=\"next\">\n\t\t\t\t\t\t<em class=\"sow-sld-icon-thin-right\"><\/em>\n\t\t\t\t\t<\/a>\n\t\t\t\t<\/div>\n\n\t\t\t\t<div class=\"sow-slide-nav sow-slide-nav-prev\">\n\t\t\t\t\t<a href=\"#\" data-goto=\"previous\" aria-label=\"Previous slide\" data-action=\"prev\">\n\t\t\t\t\t\t<em class=\"sow-sld-icon-thin-left\"><\/em>\n\t\t\t\t\t<\/a>\n\t\t\t\t<\/div>\n\t\t\t\t<\/div><\/div>\n\n<h2 class=\"wp-block-post-title\">Grundhaltung der Arbeit<\/h2>\n\n\n<p>Jedes Kind ist eine Pers\u00f6nlichkeit. Es bringt seine bisherigen Erfahrungen, seine F\u00e4higkeiten, seine Probleme und seine speziellen Begabungen mit in die Gruppe. Jedes Kind soll die h\u00f6chstm\u00f6gliche Achtung seiner individuellen Pers\u00f6nlichkeit erfahren. Auf diesem Boden kann sich Vertrauen und Zuneigung entwickeln, die dem Kind die Geborgenheit vermittelt, die es zur Entwicklung seiner Pers\u00f6nlichkeit ben\u00f6tigt. Auch Kindern mit besonderem Bedarf soll vorurteilsfrei und annehmend begegnet werden und eine angemessene F\u00f6rderung eingeleitet werden. Die Auseinandersetzung mit problematischen Seiten des Kindes betrachten wir als Aufgabe, an welcher sowohl das Kind als auch die betreuenden Personen wachsen k\u00f6nnen, wenn dies in Liebe und Verst\u00e4ndnis geschieht.<\/p>\n\n\n\n<p>Deshalb m\u00f6chten wir den Begriff Liebe in unsere Konzeption aufnehmen. Mit Liebe meinen wir die bedingungslose Annahme eines jeden einzelnen Kindes. Aus ihr erw\u00e4chst auch die Achtung vor der kindlichen Pers\u00f6nlichkeit.<\/p>\n\n\n\n<p>Liebe beinhaltet auch ein klares und verantwortungsvolles Durchsetzungsverm\u00f6gen der Erwachsenen, wenn es um den Schutz oder die Rechte einzelner Kinder oder um die Einhaltung wichtiger Gemeinschaftsregeln geht.<\/p>\n\n\n\n<p>Partizipation<\/p>\n\n\n\n<p>\u201ePartizipation hei\u00dft, Entscheidungen, die das eigene Leben und das Leben der Gemeinschaft betreffen, zu teilen und gemeinsame L\u00f6sungen f\u00fcr Probleme zu finden.\u201c(Psychologe Richard Schr\u00f6der 1995, S.14)<\/p>\n\n\n\n<p>Wir unterscheiden zwischen Selbstbestimmung, die sich auf die eigenen und unmittelbaren W\u00fcnsche, Grenzen und Bed\u00fcrfnisse bezieht und Partizipation, bei der es um das demokratische Mitbestimmungsrecht in sozialen Gemeinschaften, wie der unserer Kindergruppe, geht.<\/p>\n\n\n\n<p>Wenn Kinder mitbestimmen, dann<\/p>\n\n\n\n<ul class=\"wp-block-list\">\n<li>lernen sie, Entscheidungen zu treffen<\/li>\n\n\n\n<li>lernen sie, Entscheidungen anderer zu respektieren<\/li>\n\n\n\n<li>werden sie selbstbewusst und selbst\u00e4ndig<\/li>\n\n\n\n<li>h\u00f6ren sie zu und lassen andere ausreden<\/li>\n\n\n\n<li>werden sie sich ihrer eigenen W\u00fcnsche und Bed\u00fcrfnisse bewusster und lernen, diese zu \u00e4u\u00dfern<\/li>\n<\/ul>\n\n\n\n<ul class=\"wp-block-list\">\n<li>lernen sie, Meinungen anderer zu akzeptieren<\/li>\n\n\n\n<li>erfassen sie Zusammenh\u00e4nge im allt\u00e4glichen Miteinander<\/li>\n\n\n\n<li>lernen sie, M\u00f6glichkeiten zu finden mit Konflikten umzugehen<\/li>\n<\/ul>\n\n\n\n<p>In unserem Alltag begegnet den Kindern Mitbestimmung<\/p>\n\n\n\n<ul class=\"wp-block-list\">\n<li>durch das Angebot des freien Fr\u00fchst\u00fccks am Morgen, das ihnen die Wahl l\u00e4sst, zu entscheiden, wann, mit wem, wie lange und wie oft sie fr\u00fchst\u00fccken m\u00f6chten<\/li>\n\n\n\n<li>im Freispiel, in dem die Kinder w\u00e4hlen k\u00f6nnen, wo, wann und mit wem sie spielen m\u00f6chten und welche Materialien sie nutzen, die stets sichtbar und frei zug\u00e4nglich sind<\/li>\n\n\n\n<li>in unserer Gespensterrunde, in der die Kinder ihre W\u00fcnsche, Ideen, Anliegen und Fragen einbringen k\u00f6nnen<\/li>\n\n\n\n<li>bei der Ausgestaltung der Geburtstagsfeier<\/li>\n\n\n\n<li>bei der Essensplanung (regelm\u00e4\u00dfige Wunschabfrage der K\u00f6chin)<\/li>\n\n\n\n<li>beim Mittagessen, bei dem die Kinder sich die einzelnen Komponenten des Essens selbst aufgeben und entscheiden, was und wie viel sie essen m\u00f6chten<\/li>\n\n\n\n<li>bei der Gestaltung des Tagesablaufs, bei dem die Kinder z.B. entscheiden k\u00f6nnen, ob sie drinnen oder im Garten spielen m\u00f6chten<\/li>\n\n\n\n<li>bei den Vorschulkindern,die Ausflugsw\u00fcnsche und Projektideen mit den Erzieherinnen gemeinsam erarbeiten und sich einen eigenen Gruppennamen w\u00e4hlen<\/li>\n<\/ul>\n\n\n\n<p>Regeln und Grenzen zeigen sich f\u00fcr uns dann, wenn das k\u00f6rperliche und seelische Wohl von unseren Kindern zu sch\u00fctzen ist.<\/p>\n\n\n\n<p>Durch die offene Haltung der ErzieherIn sollte es jedem Kind m\u00f6glich sein, seine Vorstellungen einer Sache angstfrei einzubringen. Hierdurch wollen wir erste Grundsteine f\u00fcr ein m\u00fcndiges Leben in einer demokratischen Gesellschaft legen.<\/p>\n","protected":false},"excerpt":{"rendered":"<p>Jedes Kind ist eine Pers\u00f6nlichkeit. Es bringt seine bisherigen Erfahrungen, seine F\u00e4higkeiten, seine Probleme und seine speziellen Begabungen mit in die Gruppe. Jedes Kind soll die h\u00f6chstm\u00f6gliche Achtung seiner individuellen Pers\u00f6nlichkeit erfahren. Auf diesem Boden kann sich Vertrauen und Zuneigung entwickeln, die dem Kind die Geborgenheit vermittelt, die es zur Entwicklung seiner Pers\u00f6nlichkeit ben\u00f6tigt. Auch &#8230; <a title=\"Grundhaltung der Arbeit\" class=\"read-more\" href=\"https:\/\/mertener-schlossgespenster.de\/?page_id=137\" aria-label=\"Mehr Informationen \u00fcber Grundhaltung der Arbeit\">Weiterlesen<\/a><\/p>\n","protected":false},"author":2,"featured_media":0,"parent":0,"menu_order":0,"comment_status":"closed","ping_status":"closed","template":"","meta":{"footnotes":""},"class_list":["post-137","page","type-page","status-publish"],"yoast_head":"<!-- This site is optimized with the Yoast SEO plugin v27.1.1 - https:\/\/yoast.com\/product\/yoast-seo-wordpress\/ -->\n<title>Grundhaltung der Arbeit - Mertener Schlossgespenster<\/title>\n<meta name=\"robots\" content=\"noindex, nofollow\" \/>\n<script type=\"application\/ld+json\" class=\"yoast-schema-graph\">{\"@context\":\"https:\/\/schema.org\",\"@graph\":[{\"@type\":\"WebPage\",\"@id\":\"https:\/\/mertener-schlossgespenster.de\/?page_id=137\",\"url\":\"https:\/\/mertener-schlossgespenster.de\/?page_id=137\",\"name\":\"Grundhaltung der Arbeit - Mertener Schlossgespenster\",\"isPartOf\":{\"@id\":\"https:\/\/mertener-schlossgespenster.de\/#website\"},\"datePublished\":\"2023-06-12T09:22:07+00:00\",\"dateModified\":\"2026-03-09T08:29:37+00:00\",\"breadcrumb\":{\"@id\":\"https:\/\/mertener-schlossgespenster.de\/?page_id=137#breadcrumb\"},\"inLanguage\":\"de\",\"potentialAction\":[{\"@type\":\"ReadAction\",\"target\":[\"https:\/\/mertener-schlossgespenster.de\/?page_id=137\"]}]},{\"@type\":\"BreadcrumbList\",\"@id\":\"https:\/\/mertener-schlossgespenster.de\/?page_id=137#breadcrumb\",\"itemListElement\":[{\"@type\":\"ListItem\",\"position\":1,\"name\":\"Startseite\",\"item\":\"https:\/\/mertener-schlossgespenster.de\/\"},{\"@type\":\"ListItem\",\"position\":2,\"name\":\"Grundhaltung der Arbeit\"}]},{\"@type\":\"WebSite\",\"@id\":\"https:\/\/mertener-schlossgespenster.de\/#website\",\"url\":\"https:\/\/mertener-schlossgespenster.de\/\",\"name\":\"Mertener Schlossgespenster\",\"description\":\"\",\"publisher\":{\"@id\":\"https:\/\/mertener-schlossgespenster.de\/#organization\"},\"potentialAction\":[{\"@type\":\"SearchAction\",\"target\":{\"@type\":\"EntryPoint\",\"urlTemplate\":\"https:\/\/mertener-schlossgespenster.de\/?s={search_term_string}\"},\"query-input\":{\"@type\":\"PropertyValueSpecification\",\"valueRequired\":true,\"valueName\":\"search_term_string\"}}],\"inLanguage\":\"de\"},{\"@type\":\"Organization\",\"@id\":\"https:\/\/mertener-schlossgespenster.de\/#organization\",\"name\":\"Mertener Schlossgespenster\",\"url\":\"https:\/\/mertener-schlossgespenster.de\/\",\"logo\":{\"@type\":\"ImageObject\",\"inLanguage\":\"de\",\"@id\":\"https:\/\/mertener-schlossgespenster.de\/#\/schema\/logo\/image\/\",\"url\":\"https:\/\/mertener-schlossgespenster.de\/wp-content\/uploads\/2023\/08\/cropped-Logo-Klein-m-1.png\",\"contentUrl\":\"https:\/\/mertener-schlossgespenster.de\/wp-content\/uploads\/2023\/08\/cropped-Logo-Klein-m-1.png\",\"width\":512,\"height\":512,\"caption\":\"Mertener Schlossgespenster\"},\"image\":{\"@id\":\"https:\/\/mertener-schlossgespenster.de\/#\/schema\/logo\/image\/\"}}]}<\/script>\n<!-- \/ Yoast SEO plugin. -->","yoast_head_json":{"title":"Grundhaltung der Arbeit - Mertener Schlossgespenster","robots":{"index":"noindex","follow":"nofollow"},"schema":{"@context":"https:\/\/schema.org","@graph":[{"@type":"WebPage","@id":"https:\/\/mertener-schlossgespenster.de\/?page_id=137","url":"https:\/\/mertener-schlossgespenster.de\/?page_id=137","name":"Grundhaltung der Arbeit - Mertener Schlossgespenster","isPartOf":{"@id":"https:\/\/mertener-schlossgespenster.de\/#website"},"datePublished":"2023-06-12T09:22:07+00:00","dateModified":"2026-03-09T08:29:37+00:00","breadcrumb":{"@id":"https:\/\/mertener-schlossgespenster.de\/?page_id=137#breadcrumb"},"inLanguage":"de","potentialAction":[{"@type":"ReadAction","target":["https:\/\/mertener-schlossgespenster.de\/?page_id=137"]}]},{"@type":"BreadcrumbList","@id":"https:\/\/mertener-schlossgespenster.de\/?page_id=137#breadcrumb","itemListElement":[{"@type":"ListItem","position":1,"name":"Startseite","item":"https:\/\/mertener-schlossgespenster.de\/"},{"@type":"ListItem","position":2,"name":"Grundhaltung der Arbeit"}]},{"@type":"WebSite","@id":"https:\/\/mertener-schlossgespenster.de\/#website","url":"https:\/\/mertener-schlossgespenster.de\/","name":"Mertener Schlossgespenster","description":"","publisher":{"@id":"https:\/\/mertener-schlossgespenster.de\/#organization"},"potentialAction":[{"@type":"SearchAction","target":{"@type":"EntryPoint","urlTemplate":"https:\/\/mertener-schlossgespenster.de\/?s={search_term_string}"},"query-input":{"@type":"PropertyValueSpecification","valueRequired":true,"valueName":"search_term_string"}}],"inLanguage":"de"},{"@type":"Organization","@id":"https:\/\/mertener-schlossgespenster.de\/#organization","name":"Mertener Schlossgespenster","url":"https:\/\/mertener-schlossgespenster.de\/","logo":{"@type":"ImageObject","inLanguage":"de","@id":"https:\/\/mertener-schlossgespenster.de\/#\/schema\/logo\/image\/","url":"https:\/\/mertener-schlossgespenster.de\/wp-content\/uploads\/2023\/08\/cropped-Logo-Klein-m-1.png","contentUrl":"https:\/\/mertener-schlossgespenster.de\/wp-content\/uploads\/2023\/08\/cropped-Logo-Klein-m-1.png","width":512,"height":512,"caption":"Mertener Schlossgespenster"},"image":{"@id":"https:\/\/mertener-schlossgespenster.de\/#\/schema\/logo\/image\/"}}]}},"_links":{"self":[{"href":"https:\/\/mertener-schlossgespenster.de\/index.php?rest_route=\/wp\/v2\/pages\/137","targetHints":{"allow":["GET"]}}],"collection":[{"href":"https:\/\/mertener-schlossgespenster.de\/index.php?rest_route=\/wp\/v2\/pages"}],"about":[{"href":"https:\/\/mertener-schlossgespenster.de\/index.php?rest_route=\/wp\/v2\/types\/page"}],"author":[{"embeddable":true,"href":"https:\/\/mertener-schlossgespenster.de\/index.php?rest_route=\/wp\/v2\/users\/2"}],"replies":[{"embeddable":true,"href":"https:\/\/mertener-schlossgespenster.de\/index.php?rest_route=%2Fwp%2Fv2%2Fcomments&post=137"}],"version-history":[{"count":2,"href":"https:\/\/mertener-schlossgespenster.de\/index.php?rest_route=\/wp\/v2\/pages\/137\/revisions"}],"predecessor-version":[{"id":1660,"href":"https:\/\/mertener-schlossgespenster.de\/index.php?rest_route=\/wp\/v2\/pages\/137\/revisions\/1660"}],"wp:attachment":[{"href":"https:\/\/mertener-schlossgespenster.de\/index.php?rest_route=%2Fwp%2Fv2%2Fmedia&parent=137"}],"curies":[{"name":"wp","href":"https:\/\/api.w.org\/{rel}","templated":true}]}}